{"id":93,"date":"2017-08-27T15:20:59","date_gmt":"2017-08-27T15:20:59","guid":{"rendered":"http:\/\/golf-pankow.de\/?page_id=93"},"modified":"2017-11-29T14:00:24","modified_gmt":"2017-11-29T13:00:24","slug":"platzeroeffnung-2005","status":"publish","type":"page","link":"https:\/\/www.golf-pankow.de\/?page_id=93","title":{"rendered":"Platzer\u00f6ffnung 2005"},"content":{"rendered":"<p>Platzer\u00f6ffnung am 18. September 2005<\/p>\n<table>\n<tbody>\n<tr>\n<td valign=\"top\" width=\"305\"><\/td>\n<td valign=\"top\" width=\"15\"><\/td>\n<td align=\"right\" valign=\"top\" width=\"322\"><\/td>\n<\/tr>\n<tr>\n<td align=\"left\" valign=\"top\" width=\"305\"><img loading=\"lazy\" decoding=\"async\" src=\"\/images\/Eroeffnung_GC_2005\/002.jpg\" alt=\"\" width=\"300\" height=\"185\" border=\"0\" \/><\/td>\n<td valign=\"top\" width=\"15\"><\/td>\n<td align=\"right\" valign=\"top\" width=\"322\"><img loading=\"lazy\" decoding=\"async\" src=\"\/images\/Eroeffnung_GC_2005\/004.jpg\" alt=\"\" width=\"300\" height=\"185\" border=\"0\" \/><\/td>\n<\/tr>\n<tr>\n<td valign=\"top\" width=\"305\">Herzlich Willkommen<\/td>\n<td valign=\"top\" width=\"15\"><\/td>\n<td align=\"right\" valign=\"top\" width=\"322\">Begr\u00fc\u00dfung durch den Pr\u00e4sidenten Dr.\u00a0R\u00fcdiger\u00a0Umhau<\/td>\n<\/tr>\n<tr>\n<td valign=\"top\" width=\"305\"><img loading=\"lazy\" decoding=\"async\" src=\"\/images\/Eroeffnung_GC_2005\/005.jpg\" alt=\"\" width=\"300\" height=\"185\" border=\"0\" \/><\/td>\n<td valign=\"top\" width=\"15\"><\/td>\n<td align=\"right\" valign=\"top\" width=\"322\"><img loading=\"lazy\" decoding=\"async\" src=\"\/images\/Eroeffnung_GC_2005\/Opening10.jpg\" alt=\"\" width=\"300\" height=\"185\" border=\"0\" \/><\/td>\n<\/tr>\n<tr>\n<td valign=\"top\" width=\"305\">Gru\u00dfwort von Sepp\u00a0Maier<\/td>\n<td valign=\"top\" width=\"15\"><\/td>\n<td align=\"right\" valign=\"top\" width=\"322\">Ansprache von Peter Foerstendorf<\/td>\n<\/tr>\n<tr>\n<td valign=\"top\" width=\"305\"><img loading=\"lazy\" decoding=\"async\" src=\"\/images\/Eroeffnung_GC_2005\/Opening15.jpg\" alt=\"\" width=\"300\" height=\"185\" border=\"0\" \/><\/td>\n<td valign=\"top\" width=\"15\"><\/td>\n<td align=\"right\" valign=\"top\" width=\"322\"><img loading=\"lazy\" decoding=\"async\" src=\"\/images\/Eroeffnung_GC_2005\/Opening16.jpg\" alt=\"\" width=\"300\" height=\"185\" border=\"0\" \/><\/td>\n<\/tr>\n<tr>\n<td valign=\"top\" width=\"305\">\u00dcbergabe des VcG-F\u00f6rderschecks durch Peter Foerstendorf<\/td>\n<td valign=\"top\" width=\"15\"><\/td>\n<td align=\"right\" valign=\"top\" width=\"322\">Durchtrennen des roten Bandes<\/td>\n<\/tr>\n<tr>\n<td valign=\"top\" width=\"305\"><img loading=\"lazy\" decoding=\"async\" src=\"\/images\/Eroeffnung_GC_2005\/Opening18.jpg\" alt=\"\" width=\"300\" height=\"185\" border=\"0\" \/><\/td>\n<td valign=\"top\" width=\"15\"><\/td>\n<td align=\"right\" valign=\"top\" width=\"322\"><img loading=\"lazy\" decoding=\"async\" src=\"\/images\/Eroeffnung_GC_2005\/006.jpg\" alt=\"\" width=\"300\" height=\"185\" border=\"0\" \/><\/td>\n<\/tr>\n<tr>\n<td valign=\"top\" width=\"305\">1. Flight mit Sepp Maier, Dr. R\u00fcdiger Umhau, Dieter\u00a0Lindner, Peter Foerstendorf<\/td>\n<td valign=\"top\" width=\"15\"><\/td>\n<td align=\"right\" valign=\"top\" width=\"322\">Abschlag des Goldenen Balles am Hauptplatz durch Sepp Maier<\/td>\n<\/tr>\n<tr>\n<td valign=\"top\" width=\"305\"><img loading=\"lazy\" decoding=\"async\" src=\"\/images\/Eroeffnung_GC_2005\/009.jpg\" alt=\"\" width=\"300\" height=\"185\" border=\"0\" \/><\/td>\n<td valign=\"top\" width=\"15\"><\/td>\n<td align=\"right\" valign=\"top\" width=\"322\"><img loading=\"lazy\" decoding=\"async\" src=\"\/images\/Eroeffnung_GC_2005\/008.jpg\" alt=\"\" width=\"300\" height=\"185\" border=\"0\" \/><\/td>\n<\/tr>\n<tr>\n<td valign=\"top\" width=\"305\">Den Goldenen Ball zur Er\u00f6ffnung des Spielbetriebes schl\u00e4gt Pr\u00e4sident Dr. R\u00fcdiger Umhau<\/td>\n<td valign=\"top\" width=\"15\"><\/td>\n<td align=\"right\" valign=\"top\" width=\"322\">Peter Foerstendorf schl\u00e4gt den\u00a0Goldenen Ball am Kurzplatz<\/td>\n<\/tr>\n<tr>\n<td valign=\"top\" width=\"305\"><img loading=\"lazy\" decoding=\"async\" src=\"\/images\/Eroeffnung_GC_2005\/Opening4.jpg\" alt=\"\" width=\"300\" height=\"185\" border=\"0\" \/><\/td>\n<td valign=\"top\" width=\"15\"><\/td>\n<td align=\"right\" valign=\"top\" width=\"322\"><img loading=\"lazy\" decoding=\"async\" src=\"\/images\/Eroeffnung_GC_2005\/Opening21.jpg\" alt=\"\" width=\"300\" height=\"185\" border=\"0\" \/><\/td>\n<\/tr>\n<tr>\n<td valign=\"top\" width=\"305\">Sepp\u00a0Maier wurde vom Sepp-Maier-Fanclub Berlin mit einer Ente beschenkt.<\/td>\n<td valign=\"top\" width=\"15\"><\/td>\n<td align=\"right\" valign=\"top\" width=\"322\">Alois Bruckner, Gabriele Wagm\u00fcller, Ludwig Steinberger und\u00a0Hans Schr\u00f6der am 1. Tee<\/td>\n<\/tr>\n<\/tbody>\n<\/table>\n","protected":false},"excerpt":{"rendered":"<p>Platzer\u00f6ffnung am 18. September 2005 Herzlich Willkommen Begr\u00fc\u00dfung durch den Pr\u00e4sidenten Dr.\u00a0R\u00fcdiger\u00a0Umhau Gru\u00dfwort von Sepp\u00a0Maier Ansprache von Peter Foerstendorf \u00dcbergabe des VcG-F\u00f6rderschecks durch Peter Foerstendorf Durchtrennen des roten Bandes 1. Flight mit Sepp Maier, Dr. R\u00fcdiger Umhau, Dieter\u00a0Lindner, Peter Foerstendorf<span class=\"ellipsis\">&hellip;<\/span><\/p>\n<div class=\"read-more\"><a href=\"https:\/\/www.golf-pankow.de\/?page_id=93\">Weiterlesen &#8250;<\/a><\/div>\n<p><!-- end of .read-more --><\/p>\n","protected":false},"author":1,"featured_media":0,"parent":25,"menu_order":2,"comment_status":"closed","ping_status":"closed","template":"full-width-page.php","meta":{"footnotes":""},"class_list":["post-93","page","type-page","status-publish","hentry"],"_links":{"self":[{"href":"https:\/\/www.golf-pankow.de\/index.php?rest_route=\/wp\/v2\/pages\/93","targetHints":{"allow":["GET"]}}],"collection":[{"href":"https:\/\/www.golf-pankow.de\/index.php?rest_route=\/wp\/v2\/pages"}],"about":[{"href":"https:\/\/www.golf-pankow.de\/index.php?rest_route=\/wp\/v2\/types\/page"}],"author":[{"embeddable":true,"href":"https:\/\/www.golf-pankow.de\/index.php?rest_route=\/wp\/v2\/users\/1"}],"replies":[{"embeddable":true,"href":"https:\/\/www.golf-pankow.de\/index.php?rest_route=%2Fwp%2Fv2%2Fcomments&post=93"}],"version-history":[{"count":3,"href":"https:\/\/www.golf-pankow.de\/index.php?rest_route=\/wp\/v2\/pages\/93\/revisions"}],"predecessor-version":[{"id":843,"href":"https:\/\/www.golf-pankow.de\/index.php?rest_route=\/wp\/v2\/pages\/93\/revisions\/843"}],"up":[{"embeddable":true,"href":"https:\/\/www.golf-pankow.de\/index.php?rest_route=\/wp\/v2\/pages\/25"}],"wp:attachment":[{"href":"https:\/\/www.golf-pankow.de\/index.php?rest_route=%2Fwp%2Fv2%2Fmedia&parent=93"}],"curies":[{"name":"wp","href":"https:\/\/api.w.org\/{rel}","templated":true}]}}