{"id":85,"date":"2017-08-27T15:21:56","date_gmt":"2017-08-27T15:21:56","guid":{"rendered":"http:\/\/golf-pankow.de\/?page_id=85"},"modified":"2024-01-16T12:13:11","modified_gmt":"2024-01-16T11:13:11","slug":"golfunterricht","status":"publish","type":"page","link":"https:\/\/www.golf-pankow.de\/?page_id=85","title":{"rendered":"Golfunterricht im Golf Resort Berlin Pankow"},"content":{"rendered":"<table style=\"width: 700px;\">\n<tbody>\n<tr>\n<td style=\"vertical-align: middle;\" rowspan=\"5\"><img loading=\"lazy\" decoding=\"async\" src=\"\/images\/logos\/Wappen_Golf_Resort_Berlin_Pankow.gif\" alt=\"Bavaria Golf Schule\" width=\"84\" height=\"100\" \/><\/td>\n<td><b>Einzelstunde<\/b> (50 Minuten, 1 Person)<\/td>\n<td align=\"right\"><\/td>\n<\/tr>\n<tr>\n<td>Reiner Stallbaumer (Golflehrer)<\/td>\n<td align=\"right\">70,- \u20ac<\/td>\n<\/tr>\n<tr>\n<td>Mike Kolloff (Golflehrer, TrackMan Technologie)<\/td>\n<td align=\"right\">70,- \u20ac<\/td>\n<\/tr>\n<tr>\n<td>Fabio Inserra (PGA of Germany, TrackMan Technologie)<\/td>\n<td align=\"right\">100,- \u20ac<\/td>\n<\/tr>\n<tr>\n<td><b>Zuschlag jede weitere Person<\/b> (max. 4 Personen)<\/td>\n<td align=\"right\">20,- \u20ac<\/td>\n<\/tr>\n<\/tbody>\n<\/table>\n<table style=\"width: 700px;\">\n<tbody>\n<tr>\n<td width=\"612\"><b>Schnupperkurs<\/b> (pro Person, 120 Minuten, Samstag Vormittag)<\/td>\n<td width=\"50\">\n<div align=\"right\">35,- \u20ac<\/div>\n<\/td>\n<\/tr>\n<tr>\n<td width=\"612\"><b>Platzreifekurs:<\/b> stundenweise Abrechnung mit Ihrem Trainer<br \/>\n(Es sind durchschnittlich 8 Stunden Unterricht auf der Golfanlage<br \/>\nerforderlich, um die Pr\u00fcfung erfolgreich abzuschlie\u00dfen.)<\/td>\n<td>\n<div align=\"right\">stundenweise Abrechnung<\/div>\n<\/td>\n<\/tr>\n<tr>\n<td width=\"612px\"><b>Platzreifepr\u00fcfung<\/b> (je Person, zuz\u00fcglich Greenfee f\u00fcr 9 Loch Runde)<br \/>\n(theoretische und praktische Pr\u00fcfung mit Ihrem Trainer auf dem Golfplatz<br \/>\nmit Urkunde vom Deutschen Golf Verband nach bestandener Pr\u00fcfung)<\/td>\n<td width=\"50px\">\n<div align=\"right\">150,- \u20ac<\/div>\n<\/td>\n<\/tr>\n<tr>\n<td colspan=\"2\">Zuz\u00fcglich \u20ac 6,- Practice Fee je Unterrichtstag oder Greenfee f\u00fcr Platzrunden<br \/>\n(nicht f\u00fcr Mitglieder und Schnupperkurs). Enthalten sind Leihgeb\u00fchren f\u00fcr<br \/>\nSchl\u00e4ger und Trolley w\u00e4hrend des Unterrichts. Nicht enthalten sind Rangeb\u00e4lle.<\/td>\n<\/tr>\n<\/tbody>\n<\/table>\n<p><strong>Telefonische Vereinbarung:<\/strong><br \/>\nim\u00a0Clubb\u00fcro 030-500 194 90 oder<br \/>\nReiner Stallbaumer 0162-275 24 57<br \/>\nMike Kolloff 0157-73 51 30 72<br \/>\nFabio Inserra 0151-21 51 19 77<\/p>\n","protected":false},"excerpt":{"rendered":"<p>Einzelstunde (50 Minuten, 1 Person) Reiner Stallbaumer (Golflehrer) 70,- \u20ac Mike Kolloff (Golflehrer, TrackMan Technologie) 70,- \u20ac Fabio Inserra (PGA of Germany, TrackMan Technologie) 100,- \u20ac Zuschlag jede weitere Person (max. 4 Personen) 20,- \u20ac Schnupperkurs (pro Person, 120 Minuten,<span class=\"ellipsis\">&hellip;<\/span><\/p>\n<div class=\"read-more\"><a href=\"https:\/\/www.golf-pankow.de\/?page_id=85\">Weiterlesen &#8250;<\/a><\/div>\n<p><!-- end of .read-more --><\/p>\n","protected":false},"author":1,"featured_media":0,"parent":23,"menu_order":1,"comment_status":"closed","ping_status":"closed","template":"full-width-page.php","meta":{"footnotes":""},"class_list":["post-85","page","type-page","status-publish","hentry"],"_links":{"self":[{"href":"https:\/\/www.golf-pankow.de\/index.php?rest_route=\/wp\/v2\/pages\/85","targetHints":{"allow":["GET"]}}],"collection":[{"href":"https:\/\/www.golf-pankow.de\/index.php?rest_route=\/wp\/v2\/pages"}],"about":[{"href":"https:\/\/www.golf-pankow.de\/index.php?rest_route=\/wp\/v2\/types\/page"}],"author":[{"embeddable":true,"href":"https:\/\/www.golf-pankow.de\/index.php?rest_route=\/wp\/v2\/users\/1"}],"replies":[{"embeddable":true,"href":"https:\/\/www.golf-pankow.de\/index.php?rest_route=%2Fwp%2Fv2%2Fcomments&post=85"}],"version-history":[{"count":83,"href":"https:\/\/www.golf-pankow.de\/index.php?rest_route=\/wp\/v2\/pages\/85\/revisions"}],"predecessor-version":[{"id":3260,"href":"https:\/\/www.golf-pankow.de\/index.php?rest_route=\/wp\/v2\/pages\/85\/revisions\/3260"}],"up":[{"embeddable":true,"href":"https:\/\/www.golf-pankow.de\/index.php?rest_route=\/wp\/v2\/pages\/23"}],"wp:attachment":[{"href":"https:\/\/www.golf-pankow.de\/index.php?rest_route=%2Fwp%2Fv2%2Fmedia&parent=85"}],"curies":[{"name":"wp","href":"https:\/\/api.w.org\/{rel}","templated":true}]}}