{"id":77,"date":"2017-08-27T15:24:44","date_gmt":"2017-08-27T15:24:44","guid":{"rendered":"http:\/\/golf-pankow.de\/?page_id=77"},"modified":"2021-08-10T07:32:25","modified_gmt":"2021-08-10T05:32:25","slug":"unsere-partner","status":"publish","type":"page","link":"https:\/\/www.golf-pankow.de\/?page_id=77","title":{"rendered":"Unsere Partner"},"content":{"rendered":"<table width=\"619\" cellspacing=\"0\" cellpadding=\"0\" border=\"0\">\n<tbody>\n<tr>\n<td width=\"113\"><a href=\"http:\/\/www.seppmaier.de\" target=\"_blank\" rel=\"noopener noreferrer\"><img loading=\"lazy\" decoding=\"async\" src=\"\/images\/sepp_autogramm_112.jpg\" alt=\"\" width=\"112\" height=\"157\" border=\"0\"><\/a><\/td>\n<td width=\"365\"><a href=\"http:\/\/www.seppmaier.de\" target=\"_blank\" rel=\"noopener noreferrer\">Sepp Maier Seite<\/a><\/td>\n<\/tr>\n<tr>\n<td width=\"113\"><a href=\"http:\/\/www.kib.mercedes-benz.de\" target=\"_blank\" rel=\"noopener noreferrer\"><img loading=\"lazy\" decoding=\"async\" src=\"\/images\/logos\/KIB_112.jpg\" alt=\"\" width=\"112\" height=\"115\" border=\"0\" align=\"bottom\"><\/a><\/td>\n<td width=\"365\"><a href=\"http:\/\/www.kib.mercedes-benz.de\" target=\"_blank\" rel=\"noopener noreferrer\">K.I.B. Autoservice GmbH<\/a><\/td>\n<\/tr>\n<tr>\n<td width=\"113\"><a href=\"http:\/\/www.classicgolftours.de\" target=\"_blank\" rel=\"noopener noreferrer\"><img loading=\"lazy\" decoding=\"async\" src=\"\/images\/CGT_Logo_2016.jpg\" alt=\"\" width=\"112\" height=\"138\" border=\"0\"><\/a><\/td>\n<td width=\"365\"><a href=\"http:\/\/www.classicgolftours.de\" target=\"_blank\" rel=\"noopener noreferrer\">Classic Golf Tours CGT Reisen GmbH<\/a><\/td>\n<\/tr>\n<tr>\n<td width=\"113\"><a href=\"http:\/\/www.AXA.de\/Mark_Dehmlow\" target=\"_blank\" rel=\"noopener noreferrer\"><img loading=\"lazy\" decoding=\"async\" src=\"\/images\/logos\/AXA.jpg\" alt=\"\" width=\"112\" height=\"113\" border=\"0\" align=\"middle\"><\/a><\/td>\n<td width=\"365\"><a href=\"http:\/\/www.AXA.de\/Mark_Dehmlow\" target=\"_blank\" rel=\"noopener noreferrer\">Mark Dehmlow &#8211; Generalagentur der AXA Versicherung AG<\/a><br><a href=\"http:\/\/www.axa-betreuer.de\/Ullrich_Dreistein\" target=\"_blank\" rel=\"noopener noreferrer\">Ullrich Dreistein &#8211; Regionalvertretung Dreistein &amp; Becker<\/a><\/td>\n<\/tr>\n<tr>\n<td width=\"113\"><a href=\"http:\/\/www.golfakademie-pankow.de\" target=\"_blank\" rel=\"noopener noreferrer\"><img loading=\"lazy\" decoding=\"async\" src=\"\/images\/logos\/Logo_GAP_k.png\" alt=\"\" width=\"140\" height=\"66\" border=\"0\" align=\"middle\"><\/a><\/td>\n<td width=\"365\"><a href=\"http:\/\/www.golfakademie-pankow.de\" target=\"_blank\" rel=\"noopener noreferrer\">GAP &#8211; Golfakademie Pankow<\/a><\/td>\n<\/tr>\n<tr>\n<td width=\"113\"><a href=\"https:\/\/www.von-poll.de\/de\/location\/berlin-pankow\" target=\"_blank\" rel=\"noopener noreferrer\"><img loading=\"lazy\" decoding=\"async\" src=\"\/images\/logos\/Logo_von_Poll.jpg\" alt=\"\" width=\"112\" height=\"129\" border=\"0\"><\/a><\/td>\n<td width=\"365\"><a href=\"https:\/\/www.von-poll.de\/de\/location\/berlin-pankow\" target=\"_blank\" rel=\"noopener noreferrer\">VON POLL &#8211; Ihre Immobilienspezialisten in Berlin-Pankow<\/a><\/td>\n<\/tr>\n<tr>\n<td width=\"113\"><a href=\"https:\/\/www.ruedrich-immobilien.de\/\" target=\"_blank\" rel=\"noopener noreferrer\"><img loading=\"lazy\" decoding=\"async\" src=\"\/images\/logos\/Logo_Ruedrich_Immobilien.gif\" alt=\"\" width=\"140\" height=\"115\" border=\"0\"><\/a><\/td>\n<td width=\"365\"><a href=\"https:\/\/www.ruedrich-immobilien.de\/\" target=\"_blank\" rel=\"noopener noreferrer\">R\u00fcdrich Immobilien, Berlin. Ganz pers\u00f6nlich. Ganz f\u00fcr Sie da.<\/a><\/td>\n<\/tr>\n<\/tbody>\n<\/table>\n\n\n<p><\/p>\n","protected":false},"excerpt":{"rendered":"<p>Sepp Maier Seite K.I.B. Autoservice GmbH Classic Golf Tours CGT Reisen GmbH Mark Dehmlow &#8211; Generalagentur der AXA Versicherung AGUllrich Dreistein &#8211; Regionalvertretung Dreistein &amp; Becker GAP &#8211; Golfakademie Pankow VON POLL &#8211; Ihre Immobilienspezialisten in Berlin-Pankow R\u00fcdrich Immobilien, Berlin.<span class=\"ellipsis\">&hellip;<\/span><\/p>\n<div class=\"read-more\"><a href=\"https:\/\/www.golf-pankow.de\/?page_id=77\">Weiterlesen &#8250;<\/a><\/div>\n<p><!-- end of .read-more --><\/p>\n","protected":false},"author":1,"featured_media":0,"parent":21,"menu_order":2,"comment_status":"closed","ping_status":"closed","template":"full-width-page.php","meta":{"footnotes":""},"class_list":["post-77","page","type-page","status-publish","hentry"],"_links":{"self":[{"href":"https:\/\/www.golf-pankow.de\/index.php?rest_route=\/wp\/v2\/pages\/77","targetHints":{"allow":["GET"]}}],"collection":[{"href":"https:\/\/www.golf-pankow.de\/index.php?rest_route=\/wp\/v2\/pages"}],"about":[{"href":"https:\/\/www.golf-pankow.de\/index.php?rest_route=\/wp\/v2\/types\/page"}],"author":[{"embeddable":true,"href":"https:\/\/www.golf-pankow.de\/index.php?rest_route=\/wp\/v2\/users\/1"}],"replies":[{"embeddable":true,"href":"https:\/\/www.golf-pankow.de\/index.php?rest_route=%2Fwp%2Fv2%2Fcomments&post=77"}],"version-history":[{"count":38,"href":"https:\/\/www.golf-pankow.de\/index.php?rest_route=\/wp\/v2\/pages\/77\/revisions"}],"predecessor-version":[{"id":2792,"href":"https:\/\/www.golf-pankow.de\/index.php?rest_route=\/wp\/v2\/pages\/77\/revisions\/2792"}],"up":[{"embeddable":true,"href":"https:\/\/www.golf-pankow.de\/index.php?rest_route=\/wp\/v2\/pages\/21"}],"wp:attachment":[{"href":"https:\/\/www.golf-pankow.de\/index.php?rest_route=%2Fwp%2Fv2%2Fmedia&parent=77"}],"curies":[{"name":"wp","href":"https:\/\/api.w.org\/{rel}","templated":true}]}}