{"id":71,"date":"2017-08-27T15:27:08","date_gmt":"2017-08-27T15:27:08","guid":{"rendered":"http:\/\/golf-pankow.de\/?page_id=71"},"modified":"2021-11-29T08:50:32","modified_gmt":"2021-11-29T07:50:32","slug":"aufnahmeantraege","status":"publish","type":"page","link":"https:\/\/www.golf-pankow.de\/?page_id=71","title":{"rendered":"Aufnahmeantr\u00e4ge"},"content":{"rendered":"<p style=\"float: right; margin-left: 20px; margin-top: -10px;\"><b>Zum Aufnahmeantrag<\/b><br \/>\n<a href=\"\/pdfs\/Aufnahmeantrag_Pankow.pdf\" target=\"_blank\" rel=\"noopener noreferrer\">Golfclub Pankow von Berlin e.V.<\/a><br \/>\n<a href=\"\/pdfs\/Aufnahmeantrag_Blankenburg.pdf\" target=\"_blank\" rel=\"noopener noreferrer\">Golfclub Berlin Blankenburg e.V.<\/a><br \/>\n<a href=\"\/pdfs\/Aufnahmeantrag_Weissensee.pdf\" target=\"_blank\" rel=\"noopener noreferrer\">Golfclub Berlin Wei\u00dfensee e.V.<\/a><\/p>\n<p>Sehr geehrte Dame, sehr geehrter Herr,<\/p>\n<p>vielen Dank f\u00fcr Ihr Interesse an unseren Golfclubs.<\/p>\n<p>Der Golfclub Pankow von Berlin e.V. wurde am 9. Mai 2005 gegr\u00fcndet und am 8. Juli 2005 in das Vereinsregister von Berlin eingetragen. Die Aufnahme in den Deutschen Golf Verband und den Golfverband Berlin-Brandenburg erfolgte im August 2005.<\/p>\n<p>Ein Gr\u00fcndungsmitglied des Golfclub Pankow von Berlin ist Torwartlegende Sepp Maier, der auch die Schirmherrschaft \u00fcber den Golfplatz \u00fcbernommen hat.<\/p>\n<p>Der 18 Loch Sepp Maier Golfplatz mit den Clubgeb\u00e4uden und der 9 Loch Platz am Flie\u00df wurden in der Zeit von Oktober 2004 bis Juli 2005 gebaut. Die Golfanlage ist seit September 2005 bespielbar. Ein Proshop und eine Golfschule sind seit diesem Zeitpunkt eingerichtet.<\/p>\n<p>F\u00fcr unsere Golfanf\u00e4nger kamen im Herbst 2006 ein 3 Loch \u00dcbungsplatz und im Sommer 2010 ein 6 Loch Kurzplatz dazu.<\/p>\n<p><strong>Im August 2021 erfolgte eine \u00c4nderung unserer Bahnen 10, 11, 12 und 13:<br \/>\nDie Bahn 10 wurde zu einem Par 6 mit der L\u00e4nge Herren 634 m und Damen 562 m.<\/strong><br \/>\n<strong>In Europa gibt es (mit unserer Bahn 10) nur acht Par 6-Bahnen, davon in Deutschland drei.<\/strong><\/p>\n<p>F\u00fcr Interessenten aus dem Nahbereich (Umkreis von bis zu 70 km vom Golf Resort Berlin Pankow), die eine g\u00fcnstige Clubmitgliedschaft ohne Spielrecht suchen oder die Spielberechtigung individuell als Greenfee, 12er Block oder Jahresspielgeb\u00fchr dazu erwerben wollen, haben wir am 7.September 2008 den Golfclub Berlin Blankenburg e.V. gegr\u00fcndet, der am 14. November 2008 ins Vereinsregister von Berlin eingetragen und im Januar 2009 in den Deutschen Golf Verband und den Golfverband Berlin-Brandenburg aufgenommen wurde.<\/p>\n<p>F\u00fcr Mitglieder mit entferntem Wohnsitz gibt es seit der Gr\u00fcndung am 19. April 2013 den Golfclub Berlin Wei\u00dfensee e.V.: Eintrag ins Vereinsregister von Berlin am 12. Juli 2013, Aufnahme in den Deutschen Golfverband und Golfverband Berlin-Brandenburg am 01. August 2013.<\/p>\n<p>Mitglieder des Golfclubs Pankow von Berlin e.V. und Mitglieder des Golfclubs Berlin Blankenburg e.V. erhalten den DGV-Ausweis mit Regionalkennzeichnung \u201eR\u201c, Mitglieder des Golfclubs Berlin Wei\u00dfensee e.V. den DGV-Ausweis ohne Kennzeichnung.<\/p>\n<p>Die Satzungen und die Beitrags- und Geb\u00fchrentabellen finden Sie unter dem entsprechenden Men\u00fcpunkt.<\/p>\n<p>Mit freundlichen Gr\u00fc\u00dfen<\/p>\n<p>Ihr Dr. R\u00fcdiger Umhau<br \/>\nPr\u00e4sident Golf Resort Berlin Pankow<\/p>\n","protected":false},"excerpt":{"rendered":"<p>Zum Aufnahmeantrag Golfclub Pankow von Berlin e.V. Golfclub Berlin Blankenburg e.V. Golfclub Berlin Wei\u00dfensee e.V. Sehr geehrte Dame, sehr geehrter Herr, vielen Dank f\u00fcr Ihr Interesse an unseren Golfclubs. Der Golfclub Pankow von Berlin e.V. wurde am 9. Mai 2005<span class=\"ellipsis\">&hellip;<\/span><\/p>\n<div class=\"read-more\"><a href=\"https:\/\/www.golf-pankow.de\/?page_id=71\">Weiterlesen &#8250;<\/a><\/div>\n<p><!-- end of .read-more --><\/p>\n","protected":false},"author":1,"featured_media":0,"parent":19,"menu_order":2,"comment_status":"closed","ping_status":"closed","template":"full-width-page.php","meta":{"footnotes":""},"class_list":["post-71","page","type-page","status-publish","hentry"],"_links":{"self":[{"href":"https:\/\/www.golf-pankow.de\/index.php?rest_route=\/wp\/v2\/pages\/71","targetHints":{"allow":["GET"]}}],"collection":[{"href":"https:\/\/www.golf-pankow.de\/index.php?rest_route=\/wp\/v2\/pages"}],"about":[{"href":"https:\/\/www.golf-pankow.de\/index.php?rest_route=\/wp\/v2\/types\/page"}],"author":[{"embeddable":true,"href":"https:\/\/www.golf-pankow.de\/index.php?rest_route=\/wp\/v2\/users\/1"}],"replies":[{"embeddable":true,"href":"https:\/\/www.golf-pankow.de\/index.php?rest_route=%2Fwp%2Fv2%2Fcomments&post=71"}],"version-history":[{"count":14,"href":"https:\/\/www.golf-pankow.de\/index.php?rest_route=\/wp\/v2\/pages\/71\/revisions"}],"predecessor-version":[{"id":2847,"href":"https:\/\/www.golf-pankow.de\/index.php?rest_route=\/wp\/v2\/pages\/71\/revisions\/2847"}],"up":[{"embeddable":true,"href":"https:\/\/www.golf-pankow.de\/index.php?rest_route=\/wp\/v2\/pages\/19"}],"wp:attachment":[{"href":"https:\/\/www.golf-pankow.de\/index.php?rest_route=%2Fwp%2Fv2%2Fmedia&parent=71"}],"curies":[{"name":"wp","href":"https:\/\/api.w.org\/{rel}","templated":true}]}}