{"id":69,"date":"2017-08-27T15:27:24","date_gmt":"2017-08-27T15:27:24","guid":{"rendered":"http:\/\/golf-pankow.de\/?page_id=69"},"modified":"2024-10-24T14:22:54","modified_gmt":"2024-10-24T12:22:54","slug":"mitgliedsbeitraege","status":"publish","type":"page","link":"https:\/\/www.golf-pankow.de\/?page_id=69","title":{"rendered":"Mitgliedsbeitr\u00e4ge"},"content":{"rendered":"<table border=\"0\" width=\"650\" cellspacing=\"0\" cellpadding=\"0\" align=\"center\">\n<tbody>\n<tr>\n<td><\/td>\n<td width=\"89\"><img loading=\"lazy\" decoding=\"async\" src=\"\/images\/logos\/Wappen_GC_Pankow.gif\" width=\"84\" height=\"100\" \/><\/td>\n<td valign=\"middle\" width=\"363\"><b>Golfclub Pankow von Berlin e.V.<br \/>\n<\/b> <span style=\"font-size: xx-small;\">(DGV-Ausweis mit Regionalkennzeichnung &#8222;R&#8220;)<\/span><\/td>\n<td colspan=\"2\">\n<div align=\"right\"><img loading=\"lazy\" decoding=\"async\" src=\"\/images\/DGV_Ausweis_2025_GC_Pankow.gif\" width=\"200\" height=\"126\" \/><\/div>\n<\/td>\n<\/tr>\n<tr>\n<td width=\"7\"><\/td>\n<td colspan=\"2\"><b>Mitgliedsstatus:<\/b><\/td>\n<td width=\"81\">\n<div align=\"right\"><b>Aufnahme\u00a0<\/b><i>einmalig<\/i><\/div>\n<\/td>\n<td width=\"163\">\n<div align=\"right\"><b>Beitrag\u00a0<\/b><i>j\u00e4hrlich<\/i><\/div>\n<\/td>\n<\/tr>\n<tr valign=\"top\">\n<td width=\"7\"><\/td>\n<td colspan=\"2\"><b>Aktives Mitglied <\/b>(enth\u00e4lt Jahresspielgeb\u00fchr)<\/td>\n<td width=\"81\">\n<div align=\"right\">\u20ac 1.300,-<\/div>\n<\/td>\n<td width=\"163\">\n<div align=\"right\">\u20ac 1.700,-<\/div>\n<\/td>\n<\/tr>\n<tr valign=\"top\">\n<td width=\"7\"><\/td>\n<td colspan=\"2\"><b>Jugendmitglied bis 18 Jahre<\/b> (enth\u00e4lt Jahresspielgeb\u00fchr)<\/td>\n<td width=\"81\">\n<div align=\"right\">\u20ac 300,-<\/div>\n<\/td>\n<td width=\"163\">\n<div align=\"right\">\u20ac 500,-<\/div>\n<\/td>\n<\/tr>\n<tr valign=\"top\">\n<td width=\"7\"><\/td>\n<td colspan=\"2\"><b>Studenten und Sch\u00fcler 19 bis 25 Jahre<\/b> (enth\u00e4lt Jahresspielgeb\u00fchr, ein Ausbildungsnachweis ist regelm\u00e4\u00dfig vorzulegen)<\/td>\n<td width=\"81\">\n<div align=\"right\">\u20ac 300,-<\/div>\n<\/td>\n<td width=\"163\">\n<div align=\"right\">\u20ac 700,-<\/div>\n<\/td>\n<\/tr>\n<tr valign=\"top\">\n<td width=\"7\"><\/td>\n<td colspan=\"2\"><\/td>\n<td width=\"81\"><\/td>\n<td width=\"163\"><\/td>\n<\/tr>\n<tr valign=\"top\">\n<td width=\"7\"><\/td>\n<td colspan=\"4\">Der Jahresbeitrag enth\u00e4lt den Clubbeitrag (aktiv \u20ac 80,-, Jugend \u20ac 40,-, Sch\u00fcler und Studenten \u20ac 40,-), die Gesch\u00e4ftsgeb\u00fchr und die <b>Jahresspielgeb\u00fchr f\u00fcr die gesamte Golfanlage<\/b> sowie die Verbandsbeitr\u00e4ge zum DGV und GVBB f\u00fcr das laufende Kalenderjahr. Jedes Mitglied erh\u00e4lt den DGV-Ausweis und auf Wunsch familienweise die Zeitschrift &#8222;Golf in Berlin und Brandenburg&#8220;.<br \/>\nBei einem Eintritt in der zweiten Jahresh\u00e4lfte wird der erste Jahresbeitrag (au\u00dfer der Clubbeitrag) halbiert. Bei der Umwandlung von Jugend- oder Studentenmitgliedschaft in eine aktive Mitgliedschaft wird keine Erh\u00f6hung der Aufnahmegeb\u00fchr f\u00e4llig.<\/td>\n<\/tr>\n<tr valign=\"top\">\n<td width=\"7\"><\/td>\n<td colspan=\"4\">\n<div align=\"center\">\n<hr \/>\n<\/div>\n<\/td>\n<\/tr>\n<tr>\n<td width=\"7\"><\/td>\n<td width=\"89\"><img loading=\"lazy\" decoding=\"async\" src=\"\/images\/logos\/Wappen_GC_Blankenburg.gif\" width=\"84\" height=\"100\" \/><\/td>\n<td valign=\"middle\" width=\"363\"><b>Golfclub Berlin Blankenburg e.V.<br \/>\n<\/b> <span style=\"font-size: xx-small;\">(DGV-Ausweis mit Regionalkennzeichnung &#8222;R&#8220;)<\/span><\/td>\n<td colspan=\"2\">\n<div align=\"right\"><img loading=\"lazy\" decoding=\"async\" src=\"\/images\/DGV_Ausweis_2025_GC_Blankenburg.gif\" width=\"200\" height=\"126\" \/><\/div>\n<\/td>\n<\/tr>\n<tr valign=\"top\">\n<td width=\"7\"><\/td>\n<td colspan=\"2\"><b>Ordentliches Mitglied <\/b>(keine Aufnahmegeb\u00fchr)<\/td>\n<td width=\"81\"><\/td>\n<td width=\"163\">\n<div align=\"right\">\u20ac 279,-<br \/>\n(ohne Spielgeb\u00fchr)<\/div>\n<\/td>\n<\/tr>\n<tr valign=\"top\">\n<td width=\"7\"><\/td>\n<td colspan=\"2\"><b>(Wohnsitz im Umkreis von 70 km vom Golf Resort Berlin Pankow)<\/b><\/td>\n<td width=\"81\"><\/td>\n<td width=\"163\"><\/td>\n<\/tr>\n<tr valign=\"top\">\n<td width=\"7\"><\/td>\n<td colspan=\"4\">\n<div align=\"center\">\n<hr \/>\n<\/div>\n<\/td>\n<\/tr>\n<tr>\n<td width=\"7\"><\/td>\n<td width=\"89\"><img loading=\"lazy\" decoding=\"async\" src=\"\/images\/logos\/Wappen_GC_Weissensee.gif\" width=\"84\" height=\"100\" \/><\/td>\n<td valign=\"middle\" width=\"363\"><b>Golfclub Berlin Wei\u00dfensee e.V.<br \/>\n<\/b> <span style=\"font-size: xx-small;\">(DGV-Ausweis ohne Regionalkennzeichnung)<\/span><\/td>\n<td colspan=\"2\">\n<div align=\"right\"><img loading=\"lazy\" decoding=\"async\" src=\"\/images\/DGV_Ausweis_2025_GC_Weissensee.gif\" width=\"200\" height=\"126\" \/><\/div>\n<\/td>\n<\/tr>\n<tr valign=\"top\">\n<td width=\"7\"><\/td>\n<td colspan=\"2\"><b>Ordentliches Mitglied <\/b>(keine Aufnahmegeb\u00fchr)<\/td>\n<td width=\"81\"><\/td>\n<td width=\"163\">\n<div align=\"right\">\u20ac 228,-<br \/>\n(ohne Spielgeb\u00fchr)<\/div>\n<\/td>\n<\/tr>\n<tr valign=\"top\">\n<td width=\"7\"><\/td>\n<td colspan=\"2\"><b>(Wohnsitz mehr als 70 km vom Golf Resort Berlin Pankow entfernt)<\/b><\/td>\n<td width=\"81\"><\/td>\n<td width=\"163\"><\/td>\n<\/tr>\n<tr valign=\"top\">\n<td width=\"7\"><\/td>\n<td colspan=\"4\">\n<div align=\"center\">\n<hr \/>\n<\/div>\n<\/td>\n<\/tr>\n<tr valign=\"top\">\n<td width=\"7\"><\/td>\n<td colspan=\"4\">\n<div align=\"left\"><b>Hinweis zu den Golfclubs Berlin Blankenburg und Berlin Wei\u00dfensee:<\/b><br \/>\nDer Jahresbeitrag enth\u00e4lt den Clubbeitrag in H\u00f6he von \u20ac 80,- und die Gesch\u00e4ftsgeb\u00fchr sowie die Verbandsbeitr\u00e4ge zum DGV und GVBB f\u00fcr das laufende Kalenderjahr. Jedes Mitglied erh\u00e4lt den DGV-Ausweis und auf Wunsch familienweise die Zeitschrift \u201eGolf in Berlin und Brandenburg\u201c. Spielberechtigungen k\u00f6nnen individuell als Greenfee, 12er Karten oder Jahresspielgeb\u00fchr nach der Geb\u00fchrentabelle des Golf Resort Berlin Pankow erworben werden.<\/div>\n<\/td>\n<\/tr>\n<\/tbody>\n<\/table>\n","protected":false},"excerpt":{"rendered":"<p>Golfclub Pankow von Berlin e.V. (DGV-Ausweis mit Regionalkennzeichnung &#8222;R&#8220;) Mitgliedsstatus: Aufnahme\u00a0einmalig Beitrag\u00a0j\u00e4hrlich Aktives Mitglied (enth\u00e4lt Jahresspielgeb\u00fchr) \u20ac 1.300,- \u20ac 1.700,- Jugendmitglied bis 18 Jahre (enth\u00e4lt Jahresspielgeb\u00fchr) \u20ac 300,- \u20ac 500,- Studenten und Sch\u00fcler 19 bis 25 Jahre (enth\u00e4lt Jahresspielgeb\u00fchr, ein<span class=\"ellipsis\">&hellip;<\/span><\/p>\n<div class=\"read-more\"><a href=\"https:\/\/www.golf-pankow.de\/?page_id=69\">Weiterlesen &#8250;<\/a><\/div>\n<p><!-- end of .read-more --><\/p>\n","protected":false},"author":1,"featured_media":0,"parent":19,"menu_order":1,"comment_status":"closed","ping_status":"closed","template":"full-width-page.php","meta":{"footnotes":""},"class_list":["post-69","page","type-page","status-publish","hentry"],"_links":{"self":[{"href":"https:\/\/www.golf-pankow.de\/index.php?rest_route=\/wp\/v2\/pages\/69","targetHints":{"allow":["GET"]}}],"collection":[{"href":"https:\/\/www.golf-pankow.de\/index.php?rest_route=\/wp\/v2\/pages"}],"about":[{"href":"https:\/\/www.golf-pankow.de\/index.php?rest_route=\/wp\/v2\/types\/page"}],"author":[{"embeddable":true,"href":"https:\/\/www.golf-pankow.de\/index.php?rest_route=\/wp\/v2\/users\/1"}],"replies":[{"embeddable":true,"href":"https:\/\/www.golf-pankow.de\/index.php?rest_route=%2Fwp%2Fv2%2Fcomments&post=69"}],"version-history":[{"count":26,"href":"https:\/\/www.golf-pankow.de\/index.php?rest_route=\/wp\/v2\/pages\/69\/revisions"}],"predecessor-version":[{"id":3363,"href":"https:\/\/www.golf-pankow.de\/index.php?rest_route=\/wp\/v2\/pages\/69\/revisions\/3363"}],"up":[{"embeddable":true,"href":"https:\/\/www.golf-pankow.de\/index.php?rest_route=\/wp\/v2\/pages\/19"}],"wp:attachment":[{"href":"https:\/\/www.golf-pankow.de\/index.php?rest_route=%2Fwp%2Fv2%2Fmedia&parent=69"}],"curies":[{"name":"wp","href":"https:\/\/api.w.org\/{rel}","templated":true}]}}