{"id":67,"date":"2017-08-27T15:29:22","date_gmt":"2017-08-27T15:29:22","guid":{"rendered":"http:\/\/golf-pankow.de\/?page_id=67"},"modified":"2018-03-18T12:51:19","modified_gmt":"2018-03-18T11:51:19","slug":"gutscheine","status":"publish","type":"page","link":"https:\/\/www.golf-pankow.de\/?page_id=67","title":{"rendered":"Gutscheine und Geschenke"},"content":{"rendered":"\n<div class=\"wpcf7 no-js\" id=\"wpcf7-f1890-o1\" lang=\"de-DE\" dir=\"ltr\" data-wpcf7-id=\"1890\">\n<div class=\"screen-reader-response\"><p role=\"status\" aria-live=\"polite\" aria-atomic=\"true\"><\/p> <ul><\/ul><\/div>\n<form action=\"\/index.php?rest_route=%2Fwp%2Fv2%2Fpages%2F67#wpcf7-f1890-o1\" method=\"post\" class=\"wpcf7-form init\" aria-label=\"Kontaktformular\" novalidate=\"novalidate\" data-status=\"init\">\n<fieldset class=\"hidden-fields-container\"><input type=\"hidden\" name=\"_wpcf7\" value=\"1890\" \/><input type=\"hidden\" name=\"_wpcf7_version\" value=\"6.1.5\" \/><input type=\"hidden\" name=\"_wpcf7_locale\" value=\"de_DE\" \/><input type=\"hidden\" name=\"_wpcf7_unit_tag\" value=\"wpcf7-f1890-o1\" \/><input type=\"hidden\" name=\"_wpcf7_container_post\" value=\"0\" \/><input type=\"hidden\" name=\"_wpcf7_posted_data_hash\" value=\"\" \/><input type=\"hidden\" name=\"_wpcf7_recaptcha_response\" value=\"\" \/>\n<\/fieldset>\n<table style=\"border-spacing: 0px;\">\n  <tbody>\n  <tr>\n    <td colspan=\"4\"> Wollen Sie Ihrem Partner oder einem Freund eine gro\u00dfe <b>Freude machen?<\/b>\n      <b>Schenken Sie Gutscheine<\/b> f\u00fcr das Golf Resort Berlin Pankow, einzul\u00f6sen f\u00fcr Greenfee, Golfartikel, Textilien, Turniergeb\u00fchr oder Verleih von Golfcarts oder Ausr\u00fcstungen.<br>\n      F\u00fcllen Sie einfach dieses Anfrage-Formular aus:<br \/>\n      <table style=\"border-spacing: 0px;\"><tbody>\n        <tr>\n          <td class=\"rand0\"><b>1. Wert-Gutscheine:<\/b> k\u00f6nnen im Proshop f\u00fcr Golfartikel oder Greenfee eingel\u00f6st werden\n\n<b>Wertbetr\u00e4ge: <br \/>\n            \u20ac 10,- <span class=\"wpcf7-form-control-wrap\" data-name=\"Anzahl_Wertbetrag_10\"><input size=\"5\" maxlength=\"400\" class=\"wpcf7-form-control wpcf7-text\" aria-invalid=\"false\" value=\"0\" type=\"text\" name=\"Anzahl_Wertbetrag_10\" \/><\/span> <strong>St\u00fcck<\/strong><br \/>\n            \u20ac 20,- <span class=\"wpcf7-form-control-wrap\" data-name=\"Anzahl_Wertbetrag_20\"><input size=\"5\" maxlength=\"400\" class=\"wpcf7-form-control wpcf7-text\" aria-invalid=\"false\" value=\"0\" type=\"text\" name=\"Anzahl_Wertbetrag_20\" \/><\/span> <strong>St\u00fcck<\/strong><br \/>\n            \u20ac 30,- <span class=\"wpcf7-form-control-wrap\" data-name=\"Anzahl_Wertbetrag_30\"><input size=\"5\" maxlength=\"400\" class=\"wpcf7-form-control wpcf7-text\" aria-invalid=\"false\" value=\"0\" type=\"text\" name=\"Anzahl_Wertbetrag_30\" \/><\/span> <strong>St\u00fcck<\/strong><br \/><\/td>\n          <td><img decoding=\"async\" src=\"\/images\/wertgutscheine_2016.gif\"><\/td>\n        <\/tr>\n      <\/tbody><\/table><table style=\"border-spacing: 0px;\"><tbody>\n        <tr><td class=\"rand0\"><b>2. Greenfee-Gutscheine:<\/b> als 12er Karten<\/td>\n        <\/tr>\n        <tr>\n          <td class=\"rand0\"><table style=\"border-spacing: 0px;\"><tbody>\n              <tr>\n                <td class=\"rand0\"><strong>12 x 18 Loch Sepp Maier Platz<\/strong><\/td>\n                <td class=\"rand0\"><strong>\u20ac 740,-<\/strong><\/td>\n                <td class=\"rand0\"><span class=\"wpcf7-form-control-wrap\" data-name=\"GF-GS-12-18-SMP\"><input size=\"5\" maxlength=\"400\" class=\"wpcf7-form-control wpcf7-text\" aria-invalid=\"false\" value=\"0\" type=\"text\" name=\"GF-GS-12-18-SMP\" \/><\/span> <strong>St\u00fcck<\/strong><\/td>\n              <\/tr>\n              <tr>\n                <td class=\"rand0\"><strong>12 x 9 Loch Sepp Maier Platz<\/strong><\/td>\n                <td class=\"rand0\"><strong>\u20ac 400,-<\/strong><\/td>\n                <td class=\"rand0\"><span class=\"wpcf7-form-control-wrap\" data-name=\"GF-GS-12-9-SMP\"><input size=\"5\" maxlength=\"400\" class=\"wpcf7-form-control wpcf7-text\" aria-invalid=\"false\" value=\"0\" type=\"text\" name=\"GF-GS-12-9-SMP\" \/><\/span> <strong>St\u00fcck<\/strong><\/td>\n              <\/tr>\n              <tr>\n                <td class=\"rand0\"><strong>12 x 9 Loch Platz am Flie\u00df<\/strong><\/td>\n                <td class=\"rand0\"><strong>\u20ac 320,-<\/strong><\/td>\n                <td class=\"rand0\"><span class=\"wpcf7-form-control-wrap\" data-name=\"GF-GS-12-9-PaF\"><input size=\"5\" maxlength=\"400\" class=\"wpcf7-form-control wpcf7-text\" aria-invalid=\"false\" value=\"0\" type=\"text\" name=\"GF-GS-12-9-PaF\" \/><\/span> <strong>St\u00fcck<\/strong><\/td>\n              <\/tr>\n              <tr>\n                <td class=\"rand0\"><strong>12 x 6 Loch Kurzplatz<\/strong> (jeweils 2 Runden)<\/td>\n                <td class=\"rand0\"><strong>\u20ac 240,-<\/strong><\/td>\n                <td class=\"rand0\"><span class=\"wpcf7-form-control-wrap\" data-name=\"GF-GS-12-6-KP\"><input size=\"5\" maxlength=\"400\" class=\"wpcf7-form-control wpcf7-text\" aria-invalid=\"false\" value=\"0\" type=\"text\" name=\"GF-GS-12-6-KP\" \/><\/span> <strong>St\u00fcck<\/strong><\/td>\n              <\/tr>\n              <tr>\n                <td class=\"rand0\"><strong>12 x 3 Loch \u00dcbungsplatz<\/strong> (Tageskarte)<\/td>\n                <td class=\"rand0\"><strong>\u20ac 110,-<\/strong><\/td>\n                <td class=\"rand0\"><span class=\"wpcf7-form-control-wrap\" data-name=\"GF-GS-12-3-UeP\"><input size=\"5\" maxlength=\"400\" class=\"wpcf7-form-control wpcf7-text\" aria-invalid=\"false\" value=\"0\" type=\"text\" name=\"GF-GS-12-3-UeP\" \/><\/span> <strong>St\u00fcck<\/strong><\/td>\n              <\/tr>\n              <tr>\n                <td class=\"rand0\"><strong>12 x Practice Fee<\/strong> (Tageskarte)<\/td>\n                <td class=\"rand0\"><strong>\u20ac 60,-<\/strong><\/td>\n                <td class=\"rand0\"><span class=\"wpcf7-form-control-wrap\" data-name=\"GF-GS-12-PF\"><input size=\"5\" maxlength=\"400\" class=\"wpcf7-form-control wpcf7-text\" aria-invalid=\"false\" value=\"0\" type=\"text\" name=\"GF-GS-12-PF\" \/><\/span> <strong>St\u00fcck<\/strong><\/td>\n              <\/tr>\n              <tr>\n                <td class=\"rand0\"><strong>12 x Golfcart<\/strong> (max. 18 Loch)<\/td>\n                <td class=\"rand0\"><strong>\u20ac 250,-<\/strong><\/td>\n                <td class=\"rand0\"><span class=\"wpcf7-form-control-wrap\" data-name=\"GF-GS-12-Golfcar\"><input size=\"5\" maxlength=\"400\" class=\"wpcf7-form-control wpcf7-text\" aria-invalid=\"false\" value=\"0\" type=\"text\" name=\"GF-GS-12-Golfcar\" \/><\/span> <strong>St\u00fcck<\/strong><\/td>\n              <\/tr>\n              <tr>\n                <td class=\"rand0\"><strong>12 x Meldegeb\u00fchr f\u00fcr Serienturniere<\/strong><\/td>\n                <td class=\"rand0\"><strong>\u20ac 160,-<\/strong><\/td>\n                <td class=\"rand0\"><span class=\"wpcf7-form-control-wrap\" data-name=\"GF-GS-12-Serienturnier\"><input size=\"5\" maxlength=\"400\" class=\"wpcf7-form-control wpcf7-text\" aria-invalid=\"false\" value=\"0\" type=\"text\" name=\"GF-GS-12-Serienturnier\" \/><\/span> <strong>St\u00fcck<\/strong><\/td>\n              <\/tr>\n            <\/tbody><\/table><\/td>\n        <\/tr>\n        <tr>\n  <td colspan=\"3\" class=\"rand0\" align=\"center\"><img decoding=\"async\" src=\"\/images\/12erKarten_2026.gif\"><\/td>\n        <\/tr>\n<\/tbody><\/table>\n<table style=\"border-spacing: 0px;\"><tbody>\n        <tr>\n          <td class=\"rand0\"><strong>3. Gutscheine f\u00fcr Teilnahme am Schnupperkurs:<\/strong><\/td>\n        <\/tr>\n        <tr>\n          <td class=\"rand0\">\n              <tr>\n                <td><strong>jeden Samstag von 10.00 bis 12.00 Uhr,<br \/>\n                  enth\u00e4lt Practice Fee und Leihschl\u00e4ger<\/strong><\/td>\n                <td><strong>\u20ac 35,-<\/strong><\/td>\n                <td><span class=\"wpcf7-form-control-wrap\" data-name=\"Schnupperkurs\"><input size=\"5\" maxlength=\"400\" class=\"wpcf7-form-control wpcf7-text\" aria-invalid=\"false\" value=\"0\" type=\"text\" name=\"Schnupperkurs\" \/><\/span> <strong>St\u00fcck<\/strong><\/td>\n              <\/tr>\n            <\/td>\n        <\/tr>\n \n<tr><td><\/td><\/tr>\n\n        <tr>\n          <td class=\"rand0\"><strong>4. Gutscheine f\u00fcr Trainerstunden:<\/strong><\/td>\n        <\/tr>\n        <tr>\n          <td class=\"rand0\">\n              <tr>\n                <td><strong>Einzelstunde (50 Minuten, 1 Person)<\/strong><\/td>\n              <\/tr>\n              <tr>\n                <td><strong>Reiner Stallbaumer (Golflehrer)<\/strong><\/td>\n                <td><strong>\u20ac 70,-<\/strong><\/td>\n                <td><span class=\"wpcf7-form-control-wrap\" data-name=\"Trainerstunden_Stallbaumer\"><input size=\"5\" maxlength=\"400\" class=\"wpcf7-form-control wpcf7-text\" aria-invalid=\"false\" value=\"0\" type=\"text\" name=\"Trainerstunden_Stallbaumer\" \/><\/span> <strong>St\u00fcck<\/strong><\/td>\n              <\/tr>\n              <tr>\n                <td><strong>Mike Kolloff (Golflehrer, TrackMan Technologie)<\/strong><\/td>\n                <td><strong>\u20ac 70,-<\/strong><\/td>\n                <td><span class=\"wpcf7-form-control-wrap\" data-name=\"Trainerstunden_Kolloff\"><input size=\"5\" maxlength=\"400\" class=\"wpcf7-form-control wpcf7-text\" aria-invalid=\"false\" value=\"0\" type=\"text\" name=\"Trainerstunden_Kolloff\" \/><\/span> <strong>St\u00fcck<\/strong><\/td>\n              <\/tr>\n              <tr>\n                <td><strong>Fabio Inserra (PGA of Germany, TrackMan Technologie)<\/strong><\/td>\n                <td><strong>\u20ac 100,-<\/strong><\/td>\n                <td><span class=\"wpcf7-form-control-wrap\" data-name=\"Trainerstunden_Inserra\"><input size=\"5\" maxlength=\"400\" class=\"wpcf7-form-control wpcf7-text\" aria-invalid=\"false\" value=\"0\" type=\"text\" name=\"Trainerstunden_Inserra\" \/><\/span> <strong>St\u00fcck<\/strong><\/td>\n              <\/tr>\n           <\/td>\n        <\/tr>\n       <!-- <tr>\n          <td align=\"center\"><img loading=\"lazy\" decoding=\"async\" src=\"\/images\/Schnupperkurs_2020.gif\" width=\"217\" height=\"168\"><\/td>\n        <\/tr>\n        \n              <tr>\n              \t<td><div align=\"center\"><marquee direction=\"left\" scrollamount=\"2\"\nscrolldelay=\"1\">\n<b>+ + + Nat\u00fcrlich sind diese Gutscheine ohne Vorbestellung in unserem Proshop erh\u00e4ltlich. + + + Nat\u00fcrlich sind diese Gutscheine ohne Vorbestellung in unserem Proshop erh\u00e4ltlich. + + + Nat\u00fcrlich sind diese Gutscheine ohne Vorbestellung in unserem Proshop erh\u00e4ltlich. + +\n+<\/b><\/marquee><\/div>\n<\/td>\n              <\/tr>-->\n      <\/tbody><\/table><\/td>\n  <\/tr>\n  <tr>\n    <td colspan=\"3\" class=\"rand0\"><table style=\"border-spacing: 0px;\"><tbody>\n        <th> \n        <tr>\n          <td width=\"100\">Name:<\/td>\n          <td width=\"200\"><span class=\"wpcf7-form-control-wrap\" data-name=\"NName\"><input size=\"20\" maxlength=\"400\" class=\"wpcf7-form-control wpcf7-text\" aria-invalid=\"false\" value=\"\" type=\"text\" name=\"NName\" \/><\/span><\/td>\n          <td width=\"100\">Vorname:<\/td>\n          <td width=\"200\"><span class=\"wpcf7-form-control-wrap\" data-name=\"Vorname\"><input size=\"20\" maxlength=\"400\" class=\"wpcf7-form-control wpcf7-text\" aria-invalid=\"false\" value=\"\" type=\"text\" name=\"Vorname\" \/><\/span><\/td>\n        <\/tr>\n        <tr>\n          <td>Stra\u00dfe:<\/td>\n          <td><span class=\"wpcf7-form-control-wrap\" data-name=\"Strasse\"><input size=\"30\" maxlength=\"400\" class=\"wpcf7-form-control wpcf7-text\" aria-invalid=\"false\" value=\"\" type=\"text\" name=\"Strasse\" \/><\/span><\/td>\n          <td>PLZ \/ Ort:<\/td>\n          <td><span class=\"wpcf7-form-control-wrap\" data-name=\"PLZ\"><input size=\"5\" maxlength=\"5\" class=\"wpcf7-form-control wpcf7-text\" aria-invalid=\"false\" value=\"\" type=\"text\" name=\"PLZ\" \/><\/span> <span class=\"wpcf7-form-control-wrap\" data-name=\"Ort\"><input size=\"15\" maxlength=\"400\" class=\"wpcf7-form-control wpcf7-text\" aria-invalid=\"false\" value=\"\" type=\"text\" name=\"Ort\" \/><\/span><\/td>\n        <\/tr>\n        <tr>\n          <td>Telefon:<\/td>\n          <td><span class=\"wpcf7-form-control-wrap\" data-name=\"Telefon\"><input size=\"20\" maxlength=\"400\" class=\"wpcf7-form-control wpcf7-text\" aria-invalid=\"false\" value=\"\" type=\"text\" name=\"Telefon\" \/><\/span><\/td>\n          <td>E-Mail:<\/td>\n          <td><span class=\"wpcf7-form-control-wrap\" data-name=\"EMail\"><input size=\"20\" maxlength=\"400\" class=\"wpcf7-form-control wpcf7-email wpcf7-validates-as-required wpcf7-text wpcf7-validates-as-email\" aria-required=\"true\" aria-invalid=\"false\" value=\"\" type=\"email\" name=\"EMail\" \/><\/span><\/td>\n        <\/tr>\n        <\/th>\n        \n      <\/tbody><\/table>\n      <table style=\"border-spacing: 0px;\"><tbody>\n        <tr>\n                <td width=\"300\" class=\"rand0\">Wie w\u00fcnschen Sie die Angebotsabgabe?<\/td>\n                <td class=\"rand0\"><input name=\"Angebotsabgabe\" type=\"radio\" class=\"radio\" value=\"EMail\" checked> Per E-Mail <\/td>\n                <td class=\"rand0\"><input type=\"radio\" class=\"radio\" value=\"Telefon\" name=\"Angebotsabgabe\"> Rufen Sie mich an<\/td>\n        <\/tr>\n      <\/tbody><\/table>\n      <table style=\"border-spacing: 0px;\"><tbody>\n        <tr>\n          <td colspan=\"2\" class=\"rand0\">Ihre Mitteilung:<br>\n            <textarea name=\"Mitteilung\" rows=\"5\" cols=\"55\"><\/textarea><\/td>\n        <\/tr>\n        <tr>\n          <td><br \/><span class=\"wpcf7-form-control-wrap\" data-name=\"checkbox-186\"><span class=\"wpcf7-form-control wpcf7-checkbox wpcf7-validates-as-required\"><span class=\"wpcf7-list-item first last\"><input type=\"checkbox\" name=\"checkbox-186[]\" value=\"Ja\" \/><span class=\"wpcf7-list-item-label\">Ja<\/span><\/span><\/span><\/span>, ich habe die <a href=\"http:\/\/golf-pankow.de\/?page_id=2080\" target=\"_blank\">Datenschutzerkl\u00e4rung<\/a> von golf-pankow.de gelesen und stimme diesen Datenschutzbestimmungen zu.<\/td>\n        <\/tr>\n      <\/tbody><\/table>\n      <table style=\"border-spacing: 0px;\"><tbody>\n        <tr>\n          <td><table style=\"border-spacing: 0px;\"><tbody>\n              <tr>\n                <td width=\"220\" height=\"90\" valign=\"top\"> \n\n<span class=\"wpcf7-form-control-wrap recaptcha\" data-name=\"recaptcha\"><span data-sitekey=\"6Ld17EkUAAAAAMVteD05n3JbNWCCCJNmQ6ur5iXu\" class=\"wpcf7-form-control wpcf7-recaptcha g-recaptcha\"><\/span>\r\n<noscript>\r\n\t<div class=\"grecaptcha-noscript\">\r\n\t\t<iframe loading=\"lazy\" src=\"https:\/\/www.google.com\/recaptcha\/api\/fallback?k=6Ld17EkUAAAAAMVteD05n3JbNWCCCJNmQ6ur5iXu\" frameborder=\"0\" scrolling=\"no\" width=\"310\" height=\"430\">\r\n\t\t<\/iframe>\r\n\t\t<textarea name=\"g-recaptcha-response\" rows=\"3\" cols=\"40\" placeholder=\"reCaptcha Response Here\">\r\n\t\t<\/textarea>\r\n\t<\/div>\r\n<\/noscript>\r\n<\/span>\n\n<\/td>\n              <\/tr>\n            <\/tbody><\/table>\n            <input name=\"Submit\" type=\"submit\" value=\"Abschicken\" \/> <input type=\"Reset\" value=\"Zur\u00fccksetzen\" name=\"Reset\">\n\n            Wenn alle Felder ausgef\u00fcllt wurden und Ihre Eingaben gesendet sind, erhalten Sie ein Angebot \u00fcber den Gesamtbetrag (inkl. \u20ac 8,- Versandkosten). <\/td>\n        <\/tr>\n      <\/tbody><\/table><\/td>\n  <\/tr>\n  <\/th>\n  \n<\/table><div class=\"wpcf7-response-output\" aria-hidden=\"true\"><\/div>\n<\/form>\n<\/div>\n\n","protected":false},"excerpt":{"rendered":"","protected":false},"author":1,"featured_media":0,"parent":17,"menu_order":4,"comment_status":"closed","ping_status":"closed","template":"full-width-page.php","meta":{"footnotes":""},"class_list":["post-67","page","type-page","status-publish","hentry"],"_links":{"self":[{"href":"https:\/\/www.golf-pankow.de\/index.php?rest_route=\/wp\/v2\/pages\/67","targetHints":{"allow":["GET"]}}],"collection":[{"href":"https:\/\/www.golf-pankow.de\/index.php?rest_route=\/wp\/v2\/pages"}],"about":[{"href":"https:\/\/www.golf-pankow.de\/index.php?rest_route=\/wp\/v2\/types\/page"}],"author":[{"embeddable":true,"href":"https:\/\/www.golf-pankow.de\/index.php?rest_route=\/wp\/v2\/users\/1"}],"replies":[{"embeddable":true,"href":"https:\/\/www.golf-pankow.de\/index.php?rest_route=%2Fwp%2Fv2%2Fcomments&post=67"}],"version-history":[{"count":32,"href":"https:\/\/www.golf-pankow.de\/index.php?rest_route=\/wp\/v2\/pages\/67\/revisions"}],"predecessor-version":[{"id":1918,"href":"https:\/\/www.golf-pankow.de\/index.php?rest_route=\/wp\/v2\/pages\/67\/revisions\/1918"}],"up":[{"embeddable":true,"href":"https:\/\/www.golf-pankow.de\/index.php?rest_route=\/wp\/v2\/pages\/17"}],"wp:attachment":[{"href":"https:\/\/www.golf-pankow.de\/index.php?rest_route=%2Fwp%2Fv2%2Fmedia&parent=67"}],"curies":[{"name":"wp","href":"https:\/\/api.w.org\/{rel}","templated":true}]}}