{"id":63,"date":"2017-08-27T15:28:56","date_gmt":"2017-08-27T15:28:56","guid":{"rendered":"http:\/\/golf-pankow.de\/?page_id=63"},"modified":"2024-12-31T08:38:10","modified_gmt":"2024-12-31T07:38:10","slug":"greenfee-specials","status":"publish","type":"page","link":"https:\/\/www.golf-pankow.de\/?page_id=63","title":{"rendered":"Greenfee Specials"},"content":{"rendered":"<table style=\"width: 700px;\">\n<tbody><!--\n\n\n\n\n<tr>\n\n\n\n\n<td><b>Juni bis September: Sunrise Special<\/b>\n\n<a href=\"\/pdfs\/Sonstiges\/Sunrise_Special_2013.pdf\" target=\"_blank\" rel=\"noopener noreferrer\"><img loading=\"lazy\" decoding=\"async\" src=\"\/pdfs\/Sonstiges\/Sunrise_Special_2013.jpg\" alt=\"\" width=\"140\" height=\"300\" align=\"texttop\" border=\"0\" \/><\/a><\/td>\n\n\n\n\n\n\n\n\n<td><b>Juni bis August: Sunset Special<\/b>\n\n<a href=\"\/pdfs\/Sonstiges\/Sunset_Special_2014.pdf\" target=\"_blank\" rel=\"noopener noreferrer\"><img loading=\"lazy\" decoding=\"async\" src=\"\/pdfs\/Sonstiges\/Sunset_Special_2014.jpg\" alt=\"\" width=\"140\" height=\"300\" align=\"texttop\" border=\"0\" \/><\/a><\/td>\n\n\n\n\n<\/tr>\n\n\n\n\n\n\n\n\n<tr>\n\n\n\n\n<td colspan=\"2\"><b><a href=\"\/pdfs\/Sonstiges\/Sommer_Special_2018.pdf\" target=\"_blank\" rel=\"noopener noreferrer\">Juli und August: Sommer-Special<\/a><\/b>\n\n<img loading=\"lazy\" decoding=\"async\" src=\"\/pdfs\/Sonstiges\/Sommer_Special_2018.jpg\" alt=\"\" width=\"380\" height=\"269\" align=\"texttop\" border=\"0\" \/><\/td>\n\n\n\n\n<\/tr>\n\n\n\n\n-->\n<tr>\n<td colspan=\"2\"><b><u>Das ganze Jahr \u00fcber<\/u>: 12er Karten<\/b><\/td>\n<\/tr>\n<tr>\n<td colspan=\"2\"><img loading=\"lazy\" decoding=\"async\" src=\"\/images\/logos\/Druck_Logo_playmorepayless.jpg\" alt=\"\" width=\"148\" height=\"90\" align=\"texttop\" border=\"0\" \/><\/td>\n<\/tr>\n<tr>\n<td><b>12 x 18 Loch Sepp Maier Platz<\/b><br \/><b>12 x 9 Loch Sepp Maier Platz<\/b><br \/><b>12 x 9 Loch Platz am Flie\u00df<\/b><br \/><b>12 x 6 Loch Kurzplatz (jeweils 2 Runden)<\/b><br \/><b>12 x 3 Loch \u00dcbungsplatz (Tageskarte)<\/b><br \/><b>12 x Practice Fee (Tageskarte)<\/b><br \/><b>12 x Elektro-Golfcart (max. 18 Loch)<\/b><br \/><b>12 x Meldegeb\u00fchr f\u00fcr Serienturniere<\/b><\/td>\n<td><b>\u20ac 740,-<\/b><br \/><b>\u20ac 400,-<\/b><br \/><b>\u20ac 320,-<\/b><br \/><b>\u20ac 240,-<\/b><br \/><b>\u20ac 110,-<\/b><br \/><b>\u20ac 60,-<\/b><br \/><b>\u20ac 250,-<\/b><br \/><b>\u20ac 160,-<\/b><\/td>\n<\/tr>\n<tr>\n<td colspan=\"2\"><img loading=\"lazy\" decoding=\"async\" src=\"\/images\/12erKarten.gif\" width=\"600\" height=\"300\" \/><\/td>\n<\/tr>\n<\/tbody>\n<\/table>\n\n\n<p><\/p>\n","protected":false},"excerpt":{"rendered":"<p>Das ganze Jahr \u00fcber: 12er Karten 12 x 18 Loch Sepp Maier Platz12 x 9 Loch Sepp Maier Platz12 x 9 Loch Platz am Flie\u00df12 x 6 Loch Kurzplatz (jeweils 2 Runden)12 x 3 Loch \u00dcbungsplatz (Tageskarte)12 x Practice Fee<span class=\"ellipsis\">&hellip;<\/span><\/p>\n<div class=\"read-more\"><a href=\"https:\/\/www.golf-pankow.de\/?page_id=63\">Weiterlesen &#8250;<\/a><\/div>\n<p><!-- end of .read-more --><\/p>\n","protected":false},"author":1,"featured_media":0,"parent":17,"menu_order":2,"comment_status":"closed","ping_status":"closed","template":"full-width-page.php","meta":{"footnotes":""},"class_list":["post-63","page","type-page","status-publish","hentry"],"_links":{"self":[{"href":"https:\/\/www.golf-pankow.de\/index.php?rest_route=\/wp\/v2\/pages\/63","targetHints":{"allow":["GET"]}}],"collection":[{"href":"https:\/\/www.golf-pankow.de\/index.php?rest_route=\/wp\/v2\/pages"}],"about":[{"href":"https:\/\/www.golf-pankow.de\/index.php?rest_route=\/wp\/v2\/types\/page"}],"author":[{"embeddable":true,"href":"https:\/\/www.golf-pankow.de\/index.php?rest_route=\/wp\/v2\/users\/1"}],"replies":[{"embeddable":true,"href":"https:\/\/www.golf-pankow.de\/index.php?rest_route=%2Fwp%2Fv2%2Fcomments&post=63"}],"version-history":[{"count":56,"href":"https:\/\/www.golf-pankow.de\/index.php?rest_route=\/wp\/v2\/pages\/63\/revisions"}],"predecessor-version":[{"id":3383,"href":"https:\/\/www.golf-pankow.de\/index.php?rest_route=\/wp\/v2\/pages\/63\/revisions\/3383"}],"up":[{"embeddable":true,"href":"https:\/\/www.golf-pankow.de\/index.php?rest_route=\/wp\/v2\/pages\/17"}],"wp:attachment":[{"href":"https:\/\/www.golf-pankow.de\/index.php?rest_route=%2Fwp%2Fv2%2Fmedia&parent=63"}],"curies":[{"name":"wp","href":"https:\/\/api.w.org\/{rel}","templated":true}]}}