{"id":61,"date":"2017-08-27T15:28:40","date_gmt":"2017-08-27T15:28:40","guid":{"rendered":"http:\/\/golf-pankow.de\/?page_id=61"},"modified":"2026-04-05T19:05:20","modified_gmt":"2026-04-05T17:05:20","slug":"greenfee-und-gebuehren","status":"publish","type":"page","link":"https:\/\/www.golf-pankow.de\/?page_id=61","title":{"rendered":"Greenfee und Geb\u00fchren"},"content":{"rendered":"<p>Ein DGV-Mitgliedsausweis ist f\u00fcr das Bespielen der Golfpl\u00e4tze des Golf Resort Berlin Pankow nicht erforderlich.<br \/>\nF\u00fcr den 18 Loch Sepp Maier Platz ist mindestens Hcp 36 und f\u00fcr den 9 Loch Platz am Flie\u00df eine PE (Platzreife) nachzuweisen. Auf dem 6 Loch Kurzplatz ist f\u00fcr Anf\u00e4nger die Begleitung eines Golfspielers mit mindestens PE Voraussetzung. F\u00fcr den 3 Loch \u00dcbungsplatz sind keine Vorkenntnisse erforderlich.<\/p>\n<table style=\"border-spacing: 0px;\">\n<tbody>\n<tr>\n<td width=\"395\"><\/td>\n<td style=\"text-align: right;\" width=\"102\"><strong>Mo.-Fr.<\/strong><\/td>\n<td style=\"text-align: right;\" width=\"123\"><strong>Sa., So. Ft.<\/strong><\/td>\n<\/tr>\n<tr>\n<td>18 Loch Sepp Maier Platz<\/td>\n<td style=\"text-align: right;\">\u20ac 65,-<\/td>\n<td style=\"text-align: right;\">\u20ac 80,-<\/td>\n<\/tr>\n<tr>\n<td>9 Loch Runde Sepp Maier Platz (Bahn 1-9 oder Bahn 10-18)<\/td>\n<td style=\"text-align: right;\">\u20ac 37,-<\/td>\n<td style=\"text-align: right;\">\u20ac 45,-<\/td>\n<\/tr>\n<tr>\n<td>9 Loch Runde am Flie\u00df<\/td>\n<td style=\"text-align: right;\">\u20ac 30,-<\/td>\n<td style=\"text-align: right;\">\u20ac 35,-<\/td>\n<\/tr>\n<tr>\n<td>6 Loch Kurzplatz (2 Runden)<\/td>\n<td style=\"text-align: right;\">\u20ac 24,-<\/td>\n<td style=\"text-align: right;\">\u20ac 24,-<\/td>\n<\/tr>\n<tr>\n<td>3 Loch \u00dcbungsplatz (Tageskarte)<\/td>\n<td style=\"text-align: right;\">\u20ac 11,-<\/td>\n<td style=\"text-align: right;\">\u20ac 11,-<\/td>\n<\/tr>\n<tr>\n<td><\/td>\n<\/tr>\n<tr>\n<td width=\"395\"><strong>Practice Fee<\/strong> (Tageskarte):<\/td>\n<td style=\"text-align: right;\" width=\"102\"><\/td>\n<td style=\"text-align: right;\" width=\"123\"><\/td>\n<\/tr>\n<tr>\n<td>Putting Gr\u00fcn und Pitching Gr\u00fcn<br \/>\n(keine Jugenderm\u00e4\u00dfigung)<\/td>\n<td style=\"text-align: right;\">\u20ac 6,-<\/td>\n<td style=\"text-align: right;\">\u20ac 6,-<\/td>\n<\/tr>\n<tr>\n<td colspan=\"3\">Greenfees und Practice Fee k\u00f6nnen auch am Ticket-Automaten gel\u00f6st werden.<br \/>\nJugenderm\u00e4\u00dfigung bis 18 Jahre auf Greenfee 50 %, nicht auf Practice Fee (nur im Proshop).<\/td>\n<\/tr>\n<tr>\n<td colspan=\"3\">Rangefee: wird nicht erhoben! Rangeb\u00e4lle sind am Ballautomaten gegen M\u00fcnzen zu \u20ac 1,- (20 B\u00e4lle) und \u20ac 2,- (40 B\u00e4lle) erh\u00e4ltlich.<\/td>\n<\/tr>\n<tr>\n<td><\/td>\n<\/tr>\n<tr>\n<td width=\"395\"><strong>Abo-Karten:<\/strong><\/td>\n<td style=\"text-align: right;\"><\/td>\n<td style=\"text-align: right;\"><\/td>\n<\/tr>\n<tr>\n<td>12er Karte 18 Loch Sepp Maier Platz<\/td>\n<td style=\"text-align: right;\">\u20ac 740,-<\/td>\n<td><\/td>\n<\/tr>\n<tr>\n<td>12er Karte 9 Loch Sepp Maier Platz<\/td>\n<td style=\"text-align: right;\">\u20ac 400,-<\/td>\n<td><\/td>\n<\/tr>\n<tr>\n<td>12er Karte 9 Loch Platz am Flie\u00df<\/td>\n<td style=\"text-align: right;\">\u20ac 320,-<\/td>\n<td><\/td>\n<\/tr>\n<tr>\n<td>12er Karte 6 Loch Kurzplatz (jeweils 2 Runden)<\/td>\n<td style=\"text-align: right;\">\u20ac 240,-<\/td>\n<td><\/td>\n<\/tr>\n<tr>\n<td>12er Karte 3 Loch \u00dcbungsplatz<\/td>\n<td style=\"text-align: right;\">\u20ac 110,-<\/td>\n<td><\/td>\n<\/tr>\n<tr>\n<td>12er Karte Practice Fee<\/td>\n<td style=\"text-align: right;\">\u20ac 60,-<\/td>\n<td><\/td>\n<\/tr>\n<tr>\n<td>12er Karte Golfcart (max. 18 Loch)<\/td>\n<td style=\"text-align: right;\">\u20ac 250,-<\/td>\n<td><\/td>\n<\/tr>\n<tr>\n<td>12er Karte Meldegeb\u00fchr f\u00fcr Serienturniere<\/td>\n<td style=\"text-align: right;\">\u20ac 160,-<\/td>\n<td><\/td>\n<\/tr>\n<tr>\n<td colspan=\"3\">12er Karten gelten an allen Tagen und sind f\u00fcr mehrere Personen verwendbar.<\/td>\n<\/tr>\n<tr>\n<td><\/td>\n<\/tr>\n<tr>\n<td colspan=\"3\"><strong>Jahresspielgeb\u00fchren:<\/strong><br \/>\n(ohne Clubmitgliedschaft, g\u00fcltig vom Ausstellungstag bis 31.12. des Jahres)<\/td>\n<\/tr>\n<tr>\n<td width=\"585\">Jahresspielgeb\u00fchr auf allen Anlagen (an allen Tagen)<\/td>\n<td style=\"text-align: right;\">\u20ac 2.200,-<\/td>\n<td><\/td>\n<\/tr>\n<tr>\n<td width=\"585\">Erm\u00e4\u00dfigte Jahresspielgeb\u00fchr auf allen Anlagen<br \/>\n(nur Montag bis Donnerstag, nicht an Feiertagen)<\/td>\n<td style=\"text-align: right;\">\u20ac 1.600,-<\/td>\n<td><\/td>\n<\/tr>\n<tr>\n<td width=\"585\">Jahresspielgeb\u00fchr Platz am Flie\u00df und Kurzplatz (an allen Tagen)<\/td>\n<td style=\"text-align: right;\">\u20ac 1.600,-<\/td>\n<td><\/td>\n<\/tr>\n<tr>\n<td><\/td>\n<\/tr>\n<tr>\n<td colspan=\"3\" width=\"395\"><strong>Mieten: <\/strong><\/td>\n<\/tr>\n<tr>\n<td width=\"395\">Trolley (Golfwagen, je Tag)<\/td>\n<td style=\"text-align: right;\">\u20ac 5,-<\/td>\n<td><\/td>\n<\/tr>\n<tr>\n<td width=\"395\">Elektro-Golfcart (bis 18 Loch, bis 2 Personen)<\/td>\n<td style=\"text-align: right;\">\u20ac 25,-<\/td>\n<td><\/td>\n<\/tr>\n<tr>\n<td width=\"395\">Leihschl\u00e4ger einzeln<\/td>\n<td style=\"text-align: right;\">\u20ac 1,-<\/td>\n<td><\/td>\n<\/tr>\n<tr>\n<td width=\"395\">Leihschl\u00e4ger (Halbsatz mit Bag)<\/td>\n<td style=\"text-align: right;\">\u20ac 10,-<\/td>\n<td><\/td>\n<\/tr>\n<tr>\n<td width=\"395\">Leihschl\u00e4ger (kompletter Satz mit Bag)<\/td>\n<td style=\"text-align: right;\">\u20ac 15,-<\/td>\n<td><\/td>\n<\/tr>\n<tr>\n<td width=\"395\">Caddybox klein (Jahresmiete f\u00fcr Mitglieder)<\/td>\n<td style=\"text-align: right;\">\u20ac 100,-<\/td>\n<td><\/td>\n<\/tr>\n<tr>\n<td width=\"395\">Caddybox klein (Jahresmiete f\u00fcr Nichtmitglieder)<\/td>\n<td style=\"text-align: right;\">\u20ac 160,-<\/td>\n<td><\/td>\n<\/tr>\n<tr>\n<td width=\"395\">Caddybox gro\u00df (Jahresmiete f\u00fcr Mitglieder)<\/td>\n<td style=\"text-align: right;\">\u20ac 160,-<\/td>\n<td><\/td>\n<\/tr>\n<tr>\n<td width=\"395\">Caddybox gro\u00df (Jahresmiete f\u00fcr Nichtmitglieder)<\/td>\n<td style=\"text-align: right;\">\u20ac 220,-<\/td>\n<td><\/td>\n<\/tr>\n<tr>\n<td><\/td>\n<\/tr>\n<tr>\n<td colspan=\"3\">F\u00fcr Leihausr\u00fcstungen ist gegen Quittung ein Pfand zu hinterlegen.<\/td>\n<\/tr>\n<\/tbody>\n<\/table>\n","protected":false},"excerpt":{"rendered":"<p>Ein DGV-Mitgliedsausweis ist f\u00fcr das Bespielen der Golfpl\u00e4tze des Golf Resort Berlin Pankow nicht erforderlich. F\u00fcr den 18 Loch Sepp Maier Platz ist mindestens Hcp 36 und f\u00fcr den 9 Loch Platz am Flie\u00df eine PE (Platzreife) nachzuweisen. Auf dem<span class=\"ellipsis\">&hellip;<\/span><\/p>\n<div class=\"read-more\"><a href=\"https:\/\/www.golf-pankow.de\/?page_id=61\">Weiterlesen &#8250;<\/a><\/div>\n<p><!-- end of .read-more --><\/p>\n","protected":false},"author":1,"featured_media":0,"parent":17,"menu_order":1,"comment_status":"closed","ping_status":"closed","template":"full-width-page.php","meta":{"footnotes":""},"class_list":["post-61","page","type-page","status-publish","hentry"],"_links":{"self":[{"href":"https:\/\/www.golf-pankow.de\/index.php?rest_route=\/wp\/v2\/pages\/61","targetHints":{"allow":["GET"]}}],"collection":[{"href":"https:\/\/www.golf-pankow.de\/index.php?rest_route=\/wp\/v2\/pages"}],"about":[{"href":"https:\/\/www.golf-pankow.de\/index.php?rest_route=\/wp\/v2\/types\/page"}],"author":[{"embeddable":true,"href":"https:\/\/www.golf-pankow.de\/index.php?rest_route=\/wp\/v2\/users\/1"}],"replies":[{"embeddable":true,"href":"https:\/\/www.golf-pankow.de\/index.php?rest_route=%2Fwp%2Fv2%2Fcomments&post=61"}],"version-history":[{"count":61,"href":"https:\/\/www.golf-pankow.de\/index.php?rest_route=\/wp\/v2\/pages\/61\/revisions"}],"predecessor-version":[{"id":3590,"href":"https:\/\/www.golf-pankow.de\/index.php?rest_route=\/wp\/v2\/pages\/61\/revisions\/3590"}],"up":[{"embeddable":true,"href":"https:\/\/www.golf-pankow.de\/index.php?rest_route=\/wp\/v2\/pages\/17"}],"wp:attachment":[{"href":"https:\/\/www.golf-pankow.de\/index.php?rest_route=%2Fwp%2Fv2%2Fmedia&parent=61"}],"curies":[{"name":"wp","href":"https:\/\/api.w.org\/{rel}","templated":true}]}}