{"id":59,"date":"2017-08-27T15:32:54","date_gmt":"2017-08-27T13:32:54","guid":{"rendered":"http:\/\/golf-pankow.de\/?page_id=59"},"modified":"2024-10-24T06:51:37","modified_gmt":"2024-10-24T04:51:37","slug":"start-oeffnungszeiten","status":"publish","type":"page","link":"https:\/\/www.golf-pankow.de\/?page_id=59","title":{"rendered":"Start-\/\u00d6ffnungszeiten"},"content":{"rendered":"<p>Derzeit ist keine Reservierung von Startzeiten erforderlich.<br \/>\nSollte sich dies \u00e4ndern, werden wir es hier rechtzeitig bekannt geben.<\/p>\n<p><img loading=\"lazy\" decoding=\"async\" src=\"\/images\/IMG_4154_klein.jpg\" alt=\"\" width=\"500\" height=\"334\" border=\"0\" \/><\/p>\n<p>Am ersten Abschlag<\/p>\n<p><strong>\u00d6ffnungszeiten:<br \/>\n<\/strong>Unsere Golfpl\u00e4tze sind das ganze Jahr \u00fcber \u2013 auch im Winter \u2013 auf Sommergr\u00fcns bespielbar, wenn kein Schnee liegt.<\/p>\n<p><strong>\u00d6ffnungszeiten Proshop und Sekretariat (t\u00e4glich ohne Ruhetag):<\/strong><br \/>\nFebruar bis November: von 8.00 Uhr bis Sonnenuntergang<br \/>\nDezember und Januar: von 9.00 Uhr bis Sonnenuntergang<\/p>\n<p><strong>Unsere Gastronomie hat t\u00e4glich ge\u00f6ffnet.<\/strong><br \/>\n<a href=\"https:\/\/www.golf-pankow.de\/?page_id=83\" rel=\"noopener noreferrer\">Club-Restaurant<\/a><\/p>\n","protected":false},"excerpt":{"rendered":"<p>Derzeit ist keine Reservierung von Startzeiten erforderlich. Sollte sich dies \u00e4ndern, werden wir es hier rechtzeitig bekannt geben. Am ersten Abschlag \u00d6ffnungszeiten: Unsere Golfpl\u00e4tze sind das ganze Jahr \u00fcber \u2013 auch im Winter \u2013 auf Sommergr\u00fcns bespielbar, wenn kein Schnee<span class=\"ellipsis\">&hellip;<\/span><\/p>\n<div class=\"read-more\"><a href=\"https:\/\/www.golf-pankow.de\/?page_id=59\">Weiterlesen &#8250;<\/a><\/div>\n<p><!-- end of .read-more --><\/p>\n","protected":false},"author":1,"featured_media":0,"parent":15,"menu_order":9,"comment_status":"closed","ping_status":"closed","template":"full-width-page.php","meta":{"footnotes":""},"class_list":["post-59","page","type-page","status-publish","hentry"],"_links":{"self":[{"href":"https:\/\/www.golf-pankow.de\/index.php?rest_route=\/wp\/v2\/pages\/59","targetHints":{"allow":["GET"]}}],"collection":[{"href":"https:\/\/www.golf-pankow.de\/index.php?rest_route=\/wp\/v2\/pages"}],"about":[{"href":"https:\/\/www.golf-pankow.de\/index.php?rest_route=\/wp\/v2\/types\/page"}],"author":[{"embeddable":true,"href":"https:\/\/www.golf-pankow.de\/index.php?rest_route=\/wp\/v2\/users\/1"}],"replies":[{"embeddable":true,"href":"https:\/\/www.golf-pankow.de\/index.php?rest_route=%2Fwp%2Fv2%2Fcomments&post=59"}],"version-history":[{"count":15,"href":"https:\/\/www.golf-pankow.de\/index.php?rest_route=\/wp\/v2\/pages\/59\/revisions"}],"predecessor-version":[{"id":3348,"href":"https:\/\/www.golf-pankow.de\/index.php?rest_route=\/wp\/v2\/pages\/59\/revisions\/3348"}],"up":[{"embeddable":true,"href":"https:\/\/www.golf-pankow.de\/index.php?rest_route=\/wp\/v2\/pages\/15"}],"wp:attachment":[{"href":"https:\/\/www.golf-pankow.de\/index.php?rest_route=%2Fwp%2Fv2%2Fmedia&parent=59"}],"curies":[{"name":"wp","href":"https:\/\/api.w.org\/{rel}","templated":true}]}}