{"id":49,"date":"2017-08-27T15:30:04","date_gmt":"2017-08-27T15:30:04","guid":{"rendered":"http:\/\/golf-pankow.de\/?page_id=49"},"modified":"2023-04-09T11:43:16","modified_gmt":"2023-04-09T09:43:16","slug":"driving-range","status":"publish","type":"page","link":"https:\/\/www.golf-pankow.de\/?page_id=49","title":{"rendered":"Driving Range"},"content":{"rendered":"<div class=\"wp-block-image\">\n<figure class=\"alignleft\"><img loading=\"lazy\" decoding=\"async\" width=\"600\" height=\"362\" src=\"http:\/\/golf-pankow.de\/wp-content\/uploads\/2018\/03\/DrivingRange.jpg\" alt=\"\" class=\"wp-image-2054\" srcset=\"https:\/\/www.golf-pankow.de\/wp-content\/uploads\/2018\/03\/DrivingRange.jpg 600w, https:\/\/www.golf-pankow.de\/wp-content\/uploads\/2018\/03\/DrivingRange-300x181.jpg 300w, https:\/\/www.golf-pankow.de\/wp-content\/uploads\/2018\/03\/DrivingRange-100x60.jpg 100w, https:\/\/www.golf-pankow.de\/wp-content\/uploads\/2018\/03\/DrivingRange-150x91.jpg 150w, https:\/\/www.golf-pankow.de\/wp-content\/uploads\/2018\/03\/DrivingRange-200x121.jpg 200w, https:\/\/www.golf-pankow.de\/wp-content\/uploads\/2018\/03\/DrivingRange-450x272.jpg 450w\" sizes=\"auto, (max-width: 600px) 100vw, 600px\" \/><\/figure>\n<\/div>\n\n\n<p>Unsere Driving Range ist t\u00e4glich von 8.00 Uhr bis 22.00 Uhr ge\u00f6ffnet. Am Abend schaltet sich die Flutlichtanlage automatisch zu.<\/p>\n\n\n\n<p><br>Rangefee wird nicht erhoben. B\u00e4lle gibt es an den beiden Ballautomaten in der ersten Box der Driving Range:<br>20 B\u00e4lle f\u00fcr \u20ac 1,-. 40 B\u00e4lle f\u00fcr \u20ac 2,-.<\/p>\n\n\n\n<p><br>Geldwechsel ist von 8.00 Uhr bis Sonnenuntergang vor dem Clubb\u00fcro am Greenfee-Automaten oder im Clubb\u00fcro m\u00f6glich.<\/p>\n\n\n\n<p>&nbsp;<br>&nbsp;<br>&nbsp;<\/p>\n\n\n\n<p><\/p>\n\n\n\n<p><\/p>\n\n\n\n<p>Seit Mai 2021 haben wir an den Ballautomaten neue Kartenleser f\u00fcr Ballkarten im Scheckkartenformat. Diese Ballkarten sind im Clubb\u00fcro f\u00fcr \u20ac 5,- erh\u00e4ltlich und k\u00f6nnen dort immer wieder aufgeladen werden. Das Restguthaben wird nach der Buchung angezeigt.<\/p>\n\n\n\n<table><tr><td><figure class=\"wp-block-image size-large\"><img loading=\"lazy\" decoding=\"async\" width=\"355\" height=\"300\" src=\"https:\/\/www.golf-pankow.de\/wp-content\/uploads\/2021\/05\/Ballautomat_mit_Kartenleser.jpg\" alt=\"\" class=\"wp-image-2639\" srcset=\"https:\/\/www.golf-pankow.de\/wp-content\/uploads\/2021\/05\/Ballautomat_mit_Kartenleser.jpg 355w, https:\/\/www.golf-pankow.de\/wp-content\/uploads\/2021\/05\/Ballautomat_mit_Kartenleser-300x254.jpg 300w, https:\/\/www.golf-pankow.de\/wp-content\/uploads\/2021\/05\/Ballautomat_mit_Kartenleser-100x85.jpg 100w, https:\/\/www.golf-pankow.de\/wp-content\/uploads\/2021\/05\/Ballautomat_mit_Kartenleser-150x127.jpg 150w, https:\/\/www.golf-pankow.de\/wp-content\/uploads\/2021\/05\/Ballautomat_mit_Kartenleser-200x169.jpg 200w\" sizes=\"auto, (max-width: 355px) 100vw, 355px\" \/><\/figure><\/td>\n<td style=\"text-align:center\"><figure class=\"wp-block-image size-large\"><img loading=\"lazy\" decoding=\"async\" width=\"298\" height=\"300\" src=\"https:\/\/www.golf-pankow.de\/wp-content\/uploads\/2021\/05\/Ballautomat_Kartenleser.jpg\" alt=\"\" class=\"wp-image-2638\" srcset=\"https:\/\/www.golf-pankow.de\/wp-content\/uploads\/2021\/05\/Ballautomat_Kartenleser.jpg 298w, https:\/\/www.golf-pankow.de\/wp-content\/uploads\/2021\/05\/Ballautomat_Kartenleser-150x151.jpg 150w, https:\/\/www.golf-pankow.de\/wp-content\/uploads\/2021\/05\/Ballautomat_Kartenleser-100x101.jpg 100w, https:\/\/www.golf-pankow.de\/wp-content\/uploads\/2021\/05\/Ballautomat_Kartenleser-200x201.jpg 200w\" sizes=\"auto, (max-width: 298px) 100vw, 298px\" \/><\/figure><br \/>Neuer Ballkartenleser<\/td><td><figure class=\"wp-block-image size-large\"><img loading=\"lazy\" decoding=\"async\" width=\"245\" height=\"153\" src=\"https:\/\/www.golf-pankow.de\/wp-content\/uploads\/2021\/05\/Ballautomat_Karte_2021.gif\" alt=\"\" class=\"wp-image-2637\"\/><\/figure><\/td><\/tr><\/table>\n","protected":false},"excerpt":{"rendered":"<p>Unsere Driving Range ist t\u00e4glich von 8.00 Uhr bis 22.00 Uhr ge\u00f6ffnet. Am Abend schaltet sich die Flutlichtanlage automatisch zu. Rangefee wird nicht erhoben. B\u00e4lle gibt es an den beiden Ballautomaten in der ersten Box der Driving Range:20 B\u00e4lle f\u00fcr<span class=\"ellipsis\">&hellip;<\/span><\/p>\n<div class=\"read-more\"><a href=\"https:\/\/www.golf-pankow.de\/?page_id=49\">Weiterlesen &#8250;<\/a><\/div>\n<p><!-- end of .read-more --><\/p>\n","protected":false},"author":1,"featured_media":0,"parent":15,"menu_order":4,"comment_status":"closed","ping_status":"closed","template":"full-width-page.php","meta":{"footnotes":""},"class_list":["post-49","page","type-page","status-publish","hentry"],"_links":{"self":[{"href":"https:\/\/www.golf-pankow.de\/index.php?rest_route=\/wp\/v2\/pages\/49","targetHints":{"allow":["GET"]}}],"collection":[{"href":"https:\/\/www.golf-pankow.de\/index.php?rest_route=\/wp\/v2\/pages"}],"about":[{"href":"https:\/\/www.golf-pankow.de\/index.php?rest_route=\/wp\/v2\/types\/page"}],"author":[{"embeddable":true,"href":"https:\/\/www.golf-pankow.de\/index.php?rest_route=\/wp\/v2\/users\/1"}],"replies":[{"embeddable":true,"href":"https:\/\/www.golf-pankow.de\/index.php?rest_route=%2Fwp%2Fv2%2Fcomments&post=49"}],"version-history":[{"count":54,"href":"https:\/\/www.golf-pankow.de\/index.php?rest_route=\/wp\/v2\/pages\/49\/revisions"}],"predecessor-version":[{"id":3114,"href":"https:\/\/www.golf-pankow.de\/index.php?rest_route=\/wp\/v2\/pages\/49\/revisions\/3114"}],"up":[{"embeddable":true,"href":"https:\/\/www.golf-pankow.de\/index.php?rest_route=\/wp\/v2\/pages\/15"}],"wp:attachment":[{"href":"https:\/\/www.golf-pankow.de\/index.php?rest_route=%2Fwp%2Fv2%2Fmedia&parent=49"}],"curies":[{"name":"wp","href":"https:\/\/api.w.org\/{rel}","templated":true}]}}