{"id":47,"date":"2017-08-27T15:09:45","date_gmt":"2017-08-27T15:09:45","guid":{"rendered":"http:\/\/golf-pankow.de\/?page_id=47"},"modified":"2023-01-20T07:24:57","modified_gmt":"2023-01-20T06:24:57","slug":"36-bahnen","status":"publish","type":"page","link":"https:\/\/www.golf-pankow.de\/?page_id=47","title":{"rendered":"36 Bahnen"},"content":{"rendered":"<p>zum Vergr\u00f6\u00dfern bitte auf die Bilder klicken<\/p>\n<table width=\"698\" cellspacing=\"0\" cellpadding=\"0\" border=\"0\">\n<tbody>\n<tr>\n<td colspan=\"3\" width=\"330\" valign=\"middle\" align=\"center\"><b>18 Loch Sepp Maier Platz<\/b><\/td>\n<td colspan=\"4\" valign=\"middle\" align=\"center\"><b>9 Loch Platz am Flie\u00df<\/b><\/td>\n<\/tr>\n<tr>\n<td width=\"110\" valign=\"middle\" height=\"145\" align=\"center\"><a href=\"https:\/\/www.golf-pankow.de\/images\/Platzlayout_SeppMaierPlatz\/Bahn_01_klein.jpg\" target=\"_blank\" rel=\"noopener noreferrer\"><img loading=\"lazy\" decoding=\"async\" src=\"https:\/\/www.golf-pankow.de\/images\/Platzlayout_SeppMaierPlatz\/Bahn_01.jpg\" alt=\"\" width=\"96\" height=\"135\" border=\"0\"><\/a><\/td>\n<td width=\"110\" valign=\"middle\" height=\"145\" align=\"center\"><a href=\"https:\/\/www.golf-pankow.de\/images\/Platzlayout_SeppMaierPlatz\/Bahn_02_klein.jpg\" target=\"_blank\" rel=\"noopener noreferrer\"><img loading=\"lazy\" decoding=\"async\" src=\"https:\/\/www.golf-pankow.de\/images\/Platzlayout_SeppMaierPlatz\/Bahn_02.jpg\" alt=\"\" width=\"96\" height=\"135\" border=\"0\"><\/a><\/td>\n<td width=\"110\" valign=\"middle\" height=\"145\" align=\"center\"><a href=\"https:\/\/www.golf-pankow.de\/images\/Platzlayout_SeppMaierPlatz\/Bahn_03_klein.jpg\" target=\"_blank\" rel=\"noopener noreferrer\"><img loading=\"lazy\" decoding=\"async\" src=\"https:\/\/www.golf-pankow.de\/images\/Platzlayout_SeppMaierPlatz\/Bahn_03.jpg\" alt=\"\" width=\"96\" height=\"135\" border=\"0\"><\/a><\/td>\n<td>&nbsp;<\/td>\n<td width=\"110\" valign=\"middle\" height=\"145\" align=\"right\">\n<div align=\"center\"><a href=\"https:\/\/www.golf-pankow.de\/images\/Platzlayout_9LochAmFliess\/Am_Fliess_01_klein.jpg\" target=\"_blank\" rel=\"noopener noreferrer\"><img loading=\"lazy\" decoding=\"async\" src=\"https:\/\/www.golf-pankow.de\/images\/Platzlayout_9LochAmFliess\/Am_Fliess_01.jpg\" alt=\"\" width=\"96\" height=\"135\" border=\"0\"><\/a><\/div>\n<\/td>\n<td width=\"110\" valign=\"middle\" height=\"145\" align=\"right\">\n<div align=\"center\"><a href=\"https:\/\/www.golf-pankow.de\/images\/Platzlayout_9LochAmFliess\/Am_Fliess_02_klein.jpg\" target=\"_blank\" rel=\"noopener noreferrer\"><img loading=\"lazy\" decoding=\"async\" src=\"https:\/\/www.golf-pankow.de\/images\/Platzlayout_9LochAmFliess\/Am_Fliess_02.jpg\" alt=\"\" width=\"96\" height=\"135\" border=\"0\"><\/a><\/div>\n<\/td>\n<td width=\"110\" valign=\"middle\" height=\"145\" align=\"center\">\n<div align=\"center\"><a href=\"https:\/\/www.golf-pankow.de\/images\/Platzlayout_9LochAmFliess\/Am_Fliess_03_klein.jpg\" target=\"_blank\" rel=\"noopener noreferrer\"><img loading=\"lazy\" decoding=\"async\" src=\"https:\/\/www.golf-pankow.de\/images\/Platzlayout_9LochAmFliess\/Am_Fliess_03.jpg\" alt=\"\" width=\"96\" height=\"135\" border=\"0\"><\/a><\/div>\n<\/td>\n<\/tr>\n<tr>\n<td width=\"110\" valign=\"middle\" height=\"145\" align=\"center\"><a href=\"https:\/\/www.golf-pankow.de\/images\/Platzlayout_SeppMaierPlatz\/Bahn_04_klein.jpg\" target=\"_blank\" rel=\"noopener noreferrer\"><img loading=\"lazy\" decoding=\"async\" src=\"https:\/\/www.golf-pankow.de\/images\/Platzlayout_SeppMaierPlatz\/Bahn_04.jpg\" alt=\"\" width=\"96\" height=\"135\" border=\"0\"><\/a><\/td>\n<td width=\"110\" valign=\"middle\" height=\"145\" align=\"center\"><a href=\"https:\/\/www.golf-pankow.de\/images\/Platzlayout_SeppMaierPlatz\/Bahn_05_klein.jpg\" target=\"_blank\" rel=\"noopener noreferrer\"><img loading=\"lazy\" decoding=\"async\" src=\"https:\/\/www.golf-pankow.de\/images\/Platzlayout_SeppMaierPlatz\/Bahn_05.jpg\" alt=\"\" width=\"96\" height=\"135\" border=\"0\"><\/a><\/td>\n<td width=\"110\" valign=\"middle\" height=\"145\" align=\"center\"><a href=\"https:\/\/www.golf-pankow.de\/images\/Platzlayout_SeppMaierPlatz\/Bahn_06_klein.jpg\" target=\"_blank\" rel=\"noopener noreferrer\"><img loading=\"lazy\" decoding=\"async\" src=\"https:\/\/www.golf-pankow.de\/images\/Platzlayout_SeppMaierPlatz\/Bahn_06.jpg\" alt=\"\" width=\"96\" height=\"135\" border=\"0\"><\/a><\/td>\n<td width=\"30\">&nbsp;<\/td>\n<td width=\"110\" valign=\"middle\" height=\"145\" align=\"right\">\n<div align=\"center\"><a href=\"https:\/\/www.golf-pankow.de\/images\/Platzlayout_9LochAmFliess\/Am_Fliess_04_klein.jpg\" target=\"_blank\" rel=\"noopener noreferrer\"><img loading=\"lazy\" decoding=\"async\" src=\"https:\/\/www.golf-pankow.de\/images\/Platzlayout_9LochAmFliess\/Am_Fliess_04.jpg\" alt=\"\" width=\"96\" height=\"135\" border=\"0\"><\/a><\/div>\n<\/td>\n<td width=\"110\" valign=\"middle\" height=\"145\" align=\"right\">\n<div align=\"center\"><a href=\"https:\/\/www.golf-pankow.de\/images\/Platzlayout_9LochAmFliess\/Am_Fliess_05_klein.jpg\" target=\"_blank\" rel=\"noopener noreferrer\"><img loading=\"lazy\" decoding=\"async\" src=\"https:\/\/www.golf-pankow.de\/images\/Platzlayout_9LochAmFliess\/Am_Fliess_05.jpg\" alt=\"\" width=\"96\" height=\"135\" border=\"0\"><\/a><\/div>\n<\/td>\n<td width=\"110\" valign=\"middle\" height=\"145\" align=\"center\">\n<div align=\"center\"><a href=\"https:\/\/www.golf-pankow.de\/images\/Platzlayout_9LochAmFliess\/Am_Fliess_06_klein.jpg\" target=\"_blank\" rel=\"noopener noreferrer\"><img loading=\"lazy\" decoding=\"async\" src=\"https:\/\/www.golf-pankow.de\/images\/Platzlayout_9LochAmFliess\/Am_Fliess_06.jpg\" alt=\"\" width=\"96\" height=\"135\" border=\"0\"><\/a><\/div>\n<\/td>\n<\/tr>\n<tr>\n<td width=\"110\" valign=\"middle\" height=\"145\" align=\"center\"><a href=\"https:\/\/www.golf-pankow.de\/images\/Platzlayout_SeppMaierPlatz\/Bahn_07_klein.jpg\" target=\"_blank\" rel=\"noopener noreferrer\"><img loading=\"lazy\" decoding=\"async\" src=\"https:\/\/www.golf-pankow.de\/images\/Platzlayout_SeppMaierPlatz\/Bahn_07.jpg\" alt=\"\" width=\"96\" height=\"135\" border=\"0\"><\/a><\/td>\n<td width=\"110\" valign=\"middle\" height=\"145\" align=\"center\"><a href=\"https:\/\/www.golf-pankow.de\/images\/Platzlayout_SeppMaierPlatz\/Bahn_08_klein.jpg\" target=\"_blank\" rel=\"noopener noreferrer\"><img loading=\"lazy\" decoding=\"async\" src=\"https:\/\/www.golf-pankow.de\/images\/Platzlayout_SeppMaierPlatz\/Bahn_08.jpg\" alt=\"\" width=\"96\" height=\"135\" border=\"0\"><\/a><\/td>\n<td width=\"110\" valign=\"middle\" height=\"145\" align=\"center\"><a href=\"https:\/\/www.golf-pankow.de\/images\/Platzlayout_SeppMaierPlatz\/Bahn_09_klein.jpg\" target=\"_blank\" rel=\"noopener noreferrer\"><img loading=\"lazy\" decoding=\"async\" src=\"https:\/\/www.golf-pankow.de\/images\/Platzlayout_SeppMaierPlatz\/Bahn_09.jpg\" alt=\"\" width=\"96\" height=\"135\" border=\"0\"><\/a><\/td>\n<td>&nbsp;<\/td>\n<td width=\"110\" valign=\"middle\" height=\"145\" align=\"right\">\n<div align=\"center\"><a href=\"https:\/\/www.golf-pankow.de\/images\/Platzlayout_9LochAmFliess\/Am_Fliess_07_klein.jpg\" target=\"_blank\" rel=\"noopener noreferrer\"><img loading=\"lazy\" decoding=\"async\" src=\"https:\/\/www.golf-pankow.de\/images\/Platzlayout_9LochAmFliess\/Am_Fliess_07.jpg\" alt=\"\" width=\"96\" height=\"135\" border=\"0\"><\/a><\/div>\n<\/td>\n<td width=\"110\" valign=\"middle\" height=\"145\" align=\"right\">\n<div align=\"center\"><a href=\"https:\/\/www.golf-pankow.de\/images\/Platzlayout_9LochAmFliess\/Am_Fliess_08_klein.jpg\" target=\"_blank\" rel=\"noopener noreferrer\"><img loading=\"lazy\" decoding=\"async\" src=\"https:\/\/www.golf-pankow.de\/images\/Platzlayout_9LochAmFliess\/Am_Fliess_08.jpg\" alt=\"\" width=\"96\" height=\"135\" border=\"0\"><\/a><\/div>\n<\/td>\n<td width=\"110\" valign=\"middle\" height=\"145\" align=\"center\">\n<div align=\"center\"><a href=\"https:\/\/www.golf-pankow.de\/images\/Platzlayout_9LochAmFliess\/Am_Fliess_09_klein.jpg\" target=\"_blank\" rel=\"noopener noreferrer\"><img loading=\"lazy\" decoding=\"async\" src=\"https:\/\/www.golf-pankow.de\/images\/Platzlayout_9LochAmFliess\/Am_Fliess_09.jpg\" alt=\"\" width=\"96\" height=\"135\" border=\"0\"><\/a><\/div>\n<\/td>\n<\/tr>\n<tr>\n<td colspan=\"3\" valign=\"top\">\n<table cellspacing=\"0\" cellpadding=\"0\" border=\"0\">\n<tbody>\n<tr>\n<td width=\"110\" valign=\"middle\" height=\"145\" align=\"center\"><a href=\"https:\/\/www.golf-pankow.de\/images\/Platzlayout_SeppMaierPlatz\/Bahn_10_klein.jpg\" target=\"_blank\" rel=\"noopener noreferrer\"><img decoding=\"async\" src=\"https:\/\/www.golf-pankow.de\/images\/Platzlayout_SeppMaierPlatz\/Bahn_10.jpg\" alt=\"\" border=\"0\"><\/a><\/td>\n<td width=\"110\" valign=\"middle\" height=\"145\" align=\"center\"><a href=\"https:\/\/www.golf-pankow.de\/images\/Platzlayout_SeppMaierPlatz\/Bahn_11_klein.jpg\" target=\"_blank\" rel=\"noopener noreferrer\"><img decoding=\"async\" src=\"https:\/\/www.golf-pankow.de\/images\/Platzlayout_SeppMaierPlatz\/Bahn_11.jpg\" alt=\"\" border=\"0\"><\/a><\/td>\n<td width=\"110\" valign=\"middle\" height=\"145\" align=\"center\"><a href=\"https:\/\/www.golf-pankow.de\/images\/Platzlayout_SeppMaierPlatz\/Bahn_12_klein.jpg\" target=\"_blank\" rel=\"noopener noreferrer\"><img decoding=\"async\" src=\"https:\/\/www.golf-pankow.de\/images\/Platzlayout_SeppMaierPlatz\/Bahn_12.jpg\" alt=\"\" border=\"0\"><\/a><\/td>\n<\/tr>\n<tr>\n<td width=\"110\" valign=\"middle\" height=\"145\" align=\"center\"><a href=\"https:\/\/www.golf-pankow.de\/images\/Platzlayout_SeppMaierPlatz\/Bahn_13_klein.jpg\" target=\"_blank\" rel=\"noopener noreferrer\"><img decoding=\"async\" src=\"https:\/\/www.golf-pankow.de\/images\/Platzlayout_SeppMaierPlatz\/Bahn_13.jpg\" alt=\"\" border=\"0\"><\/a><\/td>\n<td width=\"110\" valign=\"middle\" height=\"145\" align=\"center\"><a href=\"https:\/\/www.golf-pankow.de\/images\/Platzlayout_SeppMaierPlatz\/Bahn_14_klein.jpg\" target=\"_blank\" rel=\"noopener noreferrer\"><img loading=\"lazy\" decoding=\"async\" src=\"https:\/\/www.golf-pankow.de\/images\/Platzlayout_SeppMaierPlatz\/Bahn_14.jpg\" alt=\"\" width=\"96\" height=\"135\" border=\"0\"><\/a><\/td>\n<td width=\"110\" valign=\"middle\" height=\"145\" align=\"center\"><a href=\"https:\/\/www.golf-pankow.de\/images\/Platzlayout_SeppMaierPlatz\/Bahn_15_klein.jpg\" target=\"_blank\" rel=\"noopener noreferrer\"><img decoding=\"async\" src=\"https:\/\/www.golf-pankow.de\/images\/Platzlayout_SeppMaierPlatz\/Bahn_15.jpg\" alt=\"\" border=\"0\"><\/a><\/td>\n<\/tr>\n<tr>\n<td width=\"110\" valign=\"middle\" height=\"145\" align=\"center\"><a href=\"https:\/\/www.golf-pankow.de\/images\/Platzlayout_SeppMaierPlatz\/Bahn_16_klein.jpg\" target=\"_blank\" rel=\"noopener noreferrer\"><img loading=\"lazy\" decoding=\"async\" src=\"https:\/\/www.golf-pankow.de\/images\/Platzlayout_SeppMaierPlatz\/Bahn_16.jpg\" alt=\"\" width=\"96\" height=\"135\" border=\"0\"><\/a><\/td>\n<td width=\"110\" valign=\"middle\" height=\"145\" align=\"center\"><a href=\"https:\/\/www.golf-pankow.de\/images\/Platzlayout_SeppMaierPlatz\/Bahn_17_klein.jpg\" target=\"_blank\" rel=\"noopener noreferrer\"><img loading=\"lazy\" decoding=\"async\" src=\"https:\/\/www.golf-pankow.de\/images\/Platzlayout_SeppMaierPlatz\/Bahn_17.jpg\" alt=\"\" width=\"96\" height=\"135\" border=\"0\"><\/a><\/td>\n<td width=\"110\" valign=\"middle\" height=\"145\" align=\"center\"><a href=\"https:\/\/www.golf-pankow.de\/images\/Platzlayout_SeppMaierPlatz\/Bahn_18_klein.jpg\" target=\"_blank\" rel=\"noopener noreferrer\"><img loading=\"lazy\" decoding=\"async\" src=\"https:\/\/www.golf-pankow.de\/images\/Platzlayout_SeppMaierPlatz\/Bahn_18.jpg\" alt=\"\" width=\"96\" height=\"135\" border=\"0\"><\/a><\/td>\n<\/tr>\n<\/tbody>\n<\/table>\n<\/td>\n<td>&nbsp;<\/td>\n<td colspan=\"3\" align=\"right\">\n<table width=\"300\" border=\"0\" align=\"center\">\n<tbody>\n<tr>\n<td colspan=\"6\">\n<div align=\"center\"><b>6 Loch Kurzplatz<\/b><\/div>\n<\/td>\n<\/tr>\n<\/tbody>\n<\/table>\n<table width=\"300\" border=\"0\" align=\"center\">\n<tbody>\n<tr>\n<td colspan=\"4\">\n<div align=\"right\"><a href=\"https:\/\/www.golf-pankow.de\/images\/Platzlayout_6Loch_Kurzplatz\/Kurzplatz_1_klein.jpg\" target=\"_blank\" rel=\"noopener noreferrer\"><img loading=\"lazy\" decoding=\"async\" src=\"https:\/\/www.golf-pankow.de\/images\/Platzlayout_6Loch_Kurzplatz\/Kurzplatz_1.jpg\" width=\"78\" height=\"110\" border=\"0\" align=\"top\"><\/a><\/div>\n<\/td>\n<td>\n<div align=\"center\"><a href=\"https:\/\/www.golf-pankow.de\/images\/Platzlayout_6Loch_Kurzplatz\/Kurzplatz_2_klein.jpg\" target=\"_blank\" rel=\"noopener noreferrer\"><img loading=\"lazy\" decoding=\"async\" src=\"https:\/\/www.golf-pankow.de\/images\/Platzlayout_6Loch_Kurzplatz\/Kurzplatz_2.jpg\" width=\"78\" height=\"110\" border=\"0\" align=\"top\"><\/a><\/div>\n<\/td>\n<td>\n<div align=\"left\"><a href=\"https:\/\/www.golf-pankow.de\/images\/Platzlayout_6Loch_Kurzplatz\/Kurzplatz_3_klein.jpg\" target=\"_blank\" rel=\"noopener noreferrer\"><img loading=\"lazy\" decoding=\"async\" src=\"https:\/\/www.golf-pankow.de\/images\/Platzlayout_6Loch_Kurzplatz\/Kurzplatz_3.jpg\" width=\"78\" height=\"110\" border=\"0\" align=\"top\"><\/a><\/div>\n<\/td>\n<\/tr>\n<\/tbody>\n<\/table>\n<table width=\"300\" border=\"0\" align=\"center\">\n<tbody>\n<tr>\n<td colspan=\"4\">\n<div align=\"right\"><a href=\"https:\/\/www.golf-pankow.de\/images\/Platzlayout_6Loch_Kurzplatz\/Kurzplatz_4_klein.jpg\" target=\"_blank\" rel=\"noopener noreferrer\"><img loading=\"lazy\" decoding=\"async\" src=\"https:\/\/www.golf-pankow.de\/images\/Platzlayout_6Loch_Kurzplatz\/Kurzplatz_4.jpg\" width=\"78\" height=\"110\" border=\"0\" align=\"top\"><\/a><\/div>\n<\/td>\n<td>\n<div align=\"center\"><a href=\"https:\/\/www.golf-pankow.de\/images\/Platzlayout_6Loch_Kurzplatz\/Kurzplatz_5_klein.jpg\" target=\"_blank\" rel=\"noopener noreferrer\"><img loading=\"lazy\" decoding=\"async\" src=\"https:\/\/www.golf-pankow.de\/images\/Platzlayout_6Loch_Kurzplatz\/Kurzplatz_5.jpg\" width=\"78\" height=\"110\" border=\"0\" align=\"top\"><\/a><\/div>\n<\/td>\n<td>\n<div align=\"left\"><a href=\"https:\/\/www.golf-pankow.de\/images\/Platzlayout_6Loch_Kurzplatz\/Kurzplatz_6_klein.jpg\" target=\"_blank\" rel=\"noopener noreferrer\"><img loading=\"lazy\" decoding=\"async\" src=\"https:\/\/www.golf-pankow.de\/images\/Platzlayout_6Loch_Kurzplatz\/Kurzplatz_6.jpg\" width=\"78\" height=\"110\" border=\"0\" align=\"top\"><\/a><\/div>\n<\/td>\n<\/tr>\n<\/tbody>\n<\/table>\n<table width=\"300\" border=\"0\" align=\"center\">\n<tbody>\n<tr>\n<td colspan=\"6\">\n<div align=\"center\"><b>3 Loch \u00dcbungsplatz<\/b><\/div>\n<\/td>\n<\/tr>\n<\/tbody>\n<\/table>\n<table width=\"300\" border=\"0\" align=\"center\">\n<tbody>\n<tr>\n<td colspan=\"4\">\n<div align=\"right\"><a href=\"https:\/\/www.golf-pankow.de\/images\/Platzlayout_Uebungsplatz\/Uebungsplatz_1_klein.jpg\" target=\"_blank\" rel=\"noopener noreferrer\"><img loading=\"lazy\" decoding=\"async\" src=\"https:\/\/www.golf-pankow.de\/images\/Platzlayout_Uebungsplatz\/Uebungsplatz_1.jpg\" width=\"78\" height=\"110\" border=\"0\" align=\"top\"><\/a><\/div>\n<\/td>\n<td>\n<div align=\"center\"><a href=\"https:\/\/www.golf-pankow.de\/images\/Platzlayout_Uebungsplatz\/Uebungsplatz_2_klein.jpg\" target=\"_blank\" rel=\"noopener noreferrer\"><img loading=\"lazy\" decoding=\"async\" src=\"https:\/\/www.golf-pankow.de\/images\/Platzlayout_Uebungsplatz\/Uebungsplatz_2.jpg\" width=\"78\" height=\"110\" border=\"0\" align=\"top\"><\/a><\/div>\n<\/td>\n<td>\n<div align=\"left\"><a href=\"https:\/\/www.golf-pankow.de\/images\/Platzlayout_Uebungsplatz\/Uebungsplatz_3_klein.jpg\" target=\"_blank\" rel=\"noopener noreferrer\"><img loading=\"lazy\" decoding=\"async\" src=\"https:\/\/www.golf-pankow.de\/images\/Platzlayout_Uebungsplatz\/Uebungsplatz_3.jpg\" width=\"78\" height=\"110\" border=\"0\" align=\"top\"><\/a><\/div>\n<\/td>\n<\/tr>\n<\/tbody>\n<\/table>\n<\/td>\n<\/tr>\n<\/tbody>\n<\/table>\n","protected":false},"excerpt":{"rendered":"<p>zum Vergr\u00f6\u00dfern bitte auf die Bilder klicken 18 Loch Sepp Maier Platz 9 Loch Platz am Flie\u00df &nbsp; &nbsp; &nbsp; &nbsp; 6 Loch Kurzplatz 3 Loch \u00dcbungsplatz<\/p>\n","protected":false},"author":1,"featured_media":0,"parent":15,"menu_order":3,"comment_status":"closed","ping_status":"closed","template":"full-width-page.php","meta":{"footnotes":""},"class_list":["post-47","page","type-page","status-publish","hentry"],"_links":{"self":[{"href":"https:\/\/www.golf-pankow.de\/index.php?rest_route=\/wp\/v2\/pages\/47","targetHints":{"allow":["GET"]}}],"collection":[{"href":"https:\/\/www.golf-pankow.de\/index.php?rest_route=\/wp\/v2\/pages"}],"about":[{"href":"https:\/\/www.golf-pankow.de\/index.php?rest_route=\/wp\/v2\/types\/page"}],"author":[{"embeddable":true,"href":"https:\/\/www.golf-pankow.de\/index.php?rest_route=\/wp\/v2\/users\/1"}],"replies":[{"embeddable":true,"href":"https:\/\/www.golf-pankow.de\/index.php?rest_route=%2Fwp%2Fv2%2Fcomments&post=47"}],"version-history":[{"count":22,"href":"https:\/\/www.golf-pankow.de\/index.php?rest_route=\/wp\/v2\/pages\/47\/revisions"}],"predecessor-version":[{"id":3076,"href":"https:\/\/www.golf-pankow.de\/index.php?rest_route=\/wp\/v2\/pages\/47\/revisions\/3076"}],"up":[{"embeddable":true,"href":"https:\/\/www.golf-pankow.de\/index.php?rest_route=\/wp\/v2\/pages\/15"}],"wp:attachment":[{"href":"https:\/\/www.golf-pankow.de\/index.php?rest_route=%2Fwp%2Fv2%2Fmedia&parent=47"}],"curies":[{"name":"wp","href":"https:\/\/api.w.org\/{rel}","templated":true}]}}