{"id":45,"date":"2017-08-27T15:32:11","date_gmt":"2017-08-27T15:32:11","guid":{"rendered":"http:\/\/golf-pankow.de\/?page_id=45"},"modified":"2024-07-03T17:17:01","modified_gmt":"2024-07-03T15:17:01","slug":"platzuebersicht","status":"publish","type":"page","link":"https:\/\/www.golf-pankow.de\/?page_id=45","title":{"rendered":"Platz\u00fcbersicht"},"content":{"rendered":"<p>zum Vergr\u00f6\u00dfern bitte auf das Bild klicken<\/p>\n<p><a href=\"\/images\/Platzuebersicht\/Platzuebersicht_2024_07.jpg\" target=\"_blank\" rel=\"noopener noreferrer\"><img loading=\"lazy\" decoding=\"async\" class=\"alignnone\" src=\"\/images\/Platzuebersicht\/k_Platzuebersicht_2024_07.jpg\" alt=\"\" width=\"600\" height=\"386\" border=\"0\" \/><\/a><\/p>\n\n\n<p><a href=\"\/images\/Platzuebersicht\/Platzuebersicht_2024_07.pdf\" target=\"_blank\" rel=\"noreferrer noopener\">Platz\u00fcbersicht &#8211; PDF<\/a><\/p>\n","protected":false},"excerpt":{"rendered":"<p>zum Vergr\u00f6\u00dfern bitte auf das Bild klicken Platz\u00fcbersicht &#8211; PDF<\/p>\n","protected":false},"author":1,"featured_media":0,"parent":15,"menu_order":2,"comment_status":"closed","ping_status":"closed","template":"full-width-page.php","meta":{"footnotes":""},"class_list":["post-45","page","type-page","status-publish","hentry"],"_links":{"self":[{"href":"https:\/\/www.golf-pankow.de\/index.php?rest_route=\/wp\/v2\/pages\/45","targetHints":{"allow":["GET"]}}],"collection":[{"href":"https:\/\/www.golf-pankow.de\/index.php?rest_route=\/wp\/v2\/pages"}],"about":[{"href":"https:\/\/www.golf-pankow.de\/index.php?rest_route=\/wp\/v2\/types\/page"}],"author":[{"embeddable":true,"href":"https:\/\/www.golf-pankow.de\/index.php?rest_route=\/wp\/v2\/users\/1"}],"replies":[{"embeddable":true,"href":"https:\/\/www.golf-pankow.de\/index.php?rest_route=%2Fwp%2Fv2%2Fcomments&post=45"}],"version-history":[{"count":10,"href":"https:\/\/www.golf-pankow.de\/index.php?rest_route=\/wp\/v2\/pages\/45\/revisions"}],"predecessor-version":[{"id":3318,"href":"https:\/\/www.golf-pankow.de\/index.php?rest_route=\/wp\/v2\/pages\/45\/revisions\/3318"}],"up":[{"embeddable":true,"href":"https:\/\/www.golf-pankow.de\/index.php?rest_route=\/wp\/v2\/pages\/15"}],"wp:attachment":[{"href":"https:\/\/www.golf-pankow.de\/index.php?rest_route=%2Fwp%2Fv2%2Fmedia&parent=45"}],"curies":[{"name":"wp","href":"https:\/\/api.w.org\/{rel}","templated":true}]}}