{"id":43,"date":"2017-08-27T15:30:48","date_gmt":"2017-08-27T15:30:48","guid":{"rendered":"http:\/\/golf-pankow.de\/?page_id=43"},"modified":"2021-07-26T07:05:45","modified_gmt":"2021-07-26T05:05:45","slug":"konzept-grbp","status":"publish","type":"page","link":"https:\/\/www.golf-pankow.de\/?page_id=43","title":{"rendered":"Konzept GRBP"},"content":{"rendered":"<p>Liebe Golffreunde,<br \/>\nunsere Philosophie war es, eine f\u00fcr jedermann \u2013 auch ohne Clubmitgliedschaft \u2013 zug\u00e4ngliche Golfanlage in Berlin zu schaffen.<\/p>\n<p>Auf unserem 3 Loch \u00dcbungsplatz haben alle Interessenten ohne gr\u00f6\u00dfere Vorkenntnisse die M\u00f6glichkeit, den Sport mit dem kleinen wei\u00dfen Ball zu testen. F\u00fcr Anf\u00e4nger mit Vorkenntnissen oder in Begleitung eines Golfers bieten wir auf unserem 6 Loch Kurzplatz die Gelegenheit, nach dem Motto &#8222;pay&amp;play&#8220; echtes &#8222;Golfplatzfeeling&#8220; zu erleben.<\/p>\n<p>F\u00fcr alle, die bereits \u00fcber eine Platzreife oder ein Handicap verf\u00fcgen, gibt es den 9 Loch Platz am Flie\u00df, der keine \u00fcberm\u00e4\u00dfigen L\u00e4ngen, aber pr\u00e4zises Spiel fordert und mit seinen modellierten Gr\u00fcns auch vorgabenwirksames Spiel erm\u00f6glicht.<br \/>\nFortgeschrittene Golfer l\u00e4dt der &#8222;Sepp Maier Platz&#8220; zum anspruchsvollen Golfspiel ein. Voraussetzung ist mindestens Handicap 54. Mit einer Spiell\u00e4nge von (H) 5.938 Metern (D 5.041) bei Par 72, der 593 Meter (D 495) langen Bahn 7 = Par 5 und der seit August 2021 neuen Bahn 10 = Par 6 mit 634 Metern (D 562) bietet dieser Platz Spa\u00df und sportliche Herausforderung f\u00fcr alle Handicapklassen.<br \/>\nAuf allen Pl\u00e4tzen gilt: Im Proshop anmelden und Golfspiel beginnen. Startzeiten m\u00fcssen nicht vorher vereinbart werden. Nur an Tagen mit gro\u00dfen Turnieren kann es zu Verz\u00f6gerungen kommen.<\/p>\n<p>Nat\u00fcrlich bieten wir Ihnen mit der Driving Range (ohne Geb\u00fchr \u2013 zahlbar sind nur die B\u00e4lle am Ballautomaten!), den \u00dcbungseinrichtungen und unserer Golfschule mit den Golflehrern Reiner Stallbaumer, Mike Kolloff und Fabio Inserra auch sehr gute \u00dcbungs- und Trainingsm\u00f6glichkeiten, einfach und unkompliziert.<\/p>\n<p>Wir m\u00f6chten, dass Sie sich in einer bewusst leger gehaltenen Atmosph\u00e4re auf der Range, den Pl\u00e4tzen und in unserem Club-Restaurant &#8222;Last Inn&#8220; wohl f\u00fchlen. Denn Golf ist f\u00fcr uns alle Freizeit \u2013 und Freizeit soll Spa\u00df machen.<\/p>\n<p>\u00dcberzeugen Sie sich selbst und kommen Sie zu uns<br \/>\nins Golf Resort Berlin Pankow.<\/p>\n<p>Wir freuen uns auf Ihren Besuch!<\/p>\n<p>Ihr Dr. R\u00fcdiger Umhau<br \/>\nPr\u00e4sident<br \/>\nund das Team vom Golf Resort Berlin Pankow<\/p>\n","protected":false},"excerpt":{"rendered":"<p>Liebe Golffreunde, unsere Philosophie war es, eine f\u00fcr jedermann \u2013 auch ohne Clubmitgliedschaft \u2013 zug\u00e4ngliche Golfanlage in Berlin zu schaffen. Auf unserem 3 Loch \u00dcbungsplatz haben alle Interessenten ohne gr\u00f6\u00dfere Vorkenntnisse die M\u00f6glichkeit, den Sport mit dem kleinen wei\u00dfen Ball<span class=\"ellipsis\">&hellip;<\/span><\/p>\n<div class=\"read-more\"><a href=\"https:\/\/www.golf-pankow.de\/?page_id=43\">Weiterlesen &#8250;<\/a><\/div>\n<p><!-- end of .read-more --><\/p>\n","protected":false},"author":1,"featured_media":0,"parent":15,"menu_order":1,"comment_status":"closed","ping_status":"closed","template":"full-width-page.php","meta":{"footnotes":""},"class_list":["post-43","page","type-page","status-publish","hentry"],"_links":{"self":[{"href":"https:\/\/www.golf-pankow.de\/index.php?rest_route=\/wp\/v2\/pages\/43","targetHints":{"allow":["GET"]}}],"collection":[{"href":"https:\/\/www.golf-pankow.de\/index.php?rest_route=\/wp\/v2\/pages"}],"about":[{"href":"https:\/\/www.golf-pankow.de\/index.php?rest_route=\/wp\/v2\/types\/page"}],"author":[{"embeddable":true,"href":"https:\/\/www.golf-pankow.de\/index.php?rest_route=\/wp\/v2\/users\/1"}],"replies":[{"embeddable":true,"href":"https:\/\/www.golf-pankow.de\/index.php?rest_route=%2Fwp%2Fv2%2Fcomments&post=43"}],"version-history":[{"count":4,"href":"https:\/\/www.golf-pankow.de\/index.php?rest_route=\/wp\/v2\/pages\/43\/revisions"}],"predecessor-version":[{"id":2768,"href":"https:\/\/www.golf-pankow.de\/index.php?rest_route=\/wp\/v2\/pages\/43\/revisions\/2768"}],"up":[{"embeddable":true,"href":"https:\/\/www.golf-pankow.de\/index.php?rest_route=\/wp\/v2\/pages\/15"}],"wp:attachment":[{"href":"https:\/\/www.golf-pankow.de\/index.php?rest_route=%2Fwp%2Fv2%2Fmedia&parent=43"}],"curies":[{"name":"wp","href":"https:\/\/api.w.org\/{rel}","templated":true}]}}