{"id":33,"date":"2017-08-27T15:34:47","date_gmt":"2017-08-27T15:34:47","guid":{"rendered":"http:\/\/golf-pankow.de\/?page_id=33"},"modified":"2025-12-29T08:20:40","modified_gmt":"2025-12-29T07:20:40","slug":"turnierplan","status":"publish","type":"page","link":"https:\/\/www.golf-pankow.de\/?page_id=33","title":{"rendered":"Turnierplan 2026"},"content":{"rendered":"\n<!-- <table>\n<tbody>\n<tr>\n<td><a href=\"\/pdfs\/Turnierplan\/Turnierplan2022\/Vorschau_Turnierplan_2022.jpg\" target=\"_blank\" rel=\"noopener noreferrer\"><br \/><img decoding=\"async\" style=\"height: 850px;\" src=\"\/pdfs\/Turnierplan\/Turnierplan2022\/Vorschau_Turnierplan_2022.jpg\" alt=\"\" border=\"0\" \/><\/a><\/td>\n<td><a href=\"\/pdfs\/Turnierplan\/Turnierplan2021\/Serienturniere_Winter_2021_2022.jpg\" target=\"_blank\" rel=\"noopener noreferrer\"><br \/><img decoding=\"async\" style=\"height: 850px;\" src=\"\/pdfs\/Turnierplan\/Turnierplan2021\/Serienturniere_Winter_2021_2022.jpg\" alt=\"\" border=\"0\" \/><\/a><\/td>\n<\/tr>\n<\/tbody>\n<\/table>\n<p>-->\n\n\n<table>\n\n\n<tbody>\n\n\n<tr>\n\n\n<td><a href=\"\/pdfs\/Turnierplan\/Turnierplan2026\/Turnierplan_2026_01.jpg\" target=\"_blank\" rel=\"noopener noreferrer\"><img decoding=\"async\" src=\"\/pdfs\/Turnierplan\/Turnierplan2026\/k_Turnierplan_2026_01.jpg\"><\/a><\/td>\n\n\n\n\n<td><a href=\"\/pdfs\/Turnierplan\/Turnierplan2026\/Turnierplan_2026_02.jpg\" target=\"_blank\" rel=\"noopener noreferrer\"><img decoding=\"async\" src=\"\/pdfs\/Turnierplan\/Turnierplan2026\/k_Turnierplan_2026_02.jpg\"><\/a><\/td>\n\n\n\n\n<td><a href=\"\/pdfs\/Turnierplan\/Turnierplan2026\/Turnierplan_2026_03.jpg\" target=\"_blank\" rel=\"noopener noreferrer\"><img decoding=\"async\" src=\"\/pdfs\/Turnierplan\/Turnierplan2026\/k_Turnierplan_2026_03.jpg\"><\/a><\/td>\n\n\n<\/tr>\n\n\n\n\n<tr>\n\n\n<td><a href=\"\/pdfs\/Turnierplan\/Turnierplan2026\/Turnierplan_2026_04.jpg\" target=\"_blank\" rel=\"noopener noreferrer\"><img decoding=\"async\" src=\"\/pdfs\/Turnierplan\/Turnierplan2026\/k_Turnierplan_2026_04.jpg\"><\/a><\/td>\n\n\n\n\n<td><a href=\"\/pdfs\/Turnierplan\/Turnierplan2026\/Turnierplan_2026_05.jpg\" target=\"_blank\" rel=\"noopener noreferrer\"><img decoding=\"async\" src=\"\/pdfs\/Turnierplan\/Turnierplan2026\/k_Turnierplan_2026_05.jpg\"><\/a><\/td>\n\n\n\n\n<td><a href=\"\/pdfs\/Turnierplan\/Turnierplan2026\/Turnierplan_2026_06.jpg\" target=\"_blank\" rel=\"noopener noreferrer\"><img decoding=\"async\" src=\"\/pdfs\/Turnierplan\/Turnierplan2026\/k_Turnierplan_2026_06.jpg\"><\/a><\/td>\n\n\n<\/tr>\n\n\n<\/tbody>\n\n\n<\/table>\n\n\n<a href=\"\/pdfs\/Turnierplan\/Turnierplan2026\/Turnierplan_2026_PC.pdf\" target=\"_blank\" rel=\"noopener noreferrer\">Turnierplan 2026 f\u00fcr PC-Druck (PDF, 704 KB)<\/a><\/p>\n\n\n\n<p><strong>Turnierplan 2025 in Visitenkartengr\u00f6\u00dfe<\/strong><\/p>\n\n\n\n<table><tbody><tr><td><a href=\"\/pdfs\/Turnierplan\/Turnierplan2026\/Turnierplan_2026_VK_vorne.jpg\" target=\"_blank\" rel=\"noopener noreferrer\"><img decoding=\"async\" src=\"\/pdfs\/Turnierplan\/Turnierplan2026\/k_Turnierplan_2026_VK_vorne.gif\"><\/a><\/td>\n\n<td><a href=\"\/pdfs\/Turnierplan\/Turnierplan2026\/Turnierplan_2026_VK_rueck.jpg\" target=\"_blank\" rel=\"noopener noreferrer\"><img decoding=\"async\" src=\"\/pdfs\/Turnierplan\/Turnierplan2026\/k_Turnierplan_2026_VK_rueck.gif\"><\/a><\/td><\/tr>\n\n<\/tbody><\/table>\n\n\n\n<p><a href=\"\/pdfs\/Turnierplan\/Turnierplan2026\/Turnierplan_2026_VK_PC.pdf\" target=\"_blank\" rel=\"noopener noreferrer\">Turnierplan 2026 in Visitenkartengr\u00f6\u00dfe f\u00fcr PC-Druck (PDF, 216 KB)<\/a><\/p>\n\n\n\n<p><\/p>\n","protected":false},"excerpt":{"rendered":"<p>Turnierplan 2026 f\u00fcr PC-Druck (PDF, 704 KB) Turnierplan 2025 in Visitenkartengr\u00f6\u00dfe Turnierplan 2026 in Visitenkartengr\u00f6\u00dfe f\u00fcr PC-Druck (PDF, 216 KB)<\/p>\n","protected":false},"author":1,"featured_media":0,"parent":13,"menu_order":3,"comment_status":"closed","ping_status":"closed","template":"full-width-page.php","meta":{"footnotes":""},"class_list":["post-33","page","type-page","status-publish","hentry"],"_links":{"self":[{"href":"https:\/\/www.golf-pankow.de\/index.php?rest_route=\/wp\/v2\/pages\/33","targetHints":{"allow":["GET"]}}],"collection":[{"href":"https:\/\/www.golf-pankow.de\/index.php?rest_route=\/wp\/v2\/pages"}],"about":[{"href":"https:\/\/www.golf-pankow.de\/index.php?rest_route=\/wp\/v2\/types\/page"}],"author":[{"embeddable":true,"href":"https:\/\/www.golf-pankow.de\/index.php?rest_route=\/wp\/v2\/users\/1"}],"replies":[{"embeddable":true,"href":"https:\/\/www.golf-pankow.de\/index.php?rest_route=%2Fwp%2Fv2%2Fcomments&post=33"}],"version-history":[{"count":54,"href":"https:\/\/www.golf-pankow.de\/index.php?rest_route=\/wp\/v2\/pages\/33\/revisions"}],"predecessor-version":[{"id":3536,"href":"https:\/\/www.golf-pankow.de\/index.php?rest_route=\/wp\/v2\/pages\/33\/revisions\/3536"}],"up":[{"embeddable":true,"href":"https:\/\/www.golf-pankow.de\/index.php?rest_route=\/wp\/v2\/pages\/13"}],"wp:attachment":[{"href":"https:\/\/www.golf-pankow.de\/index.php?rest_route=%2Fwp%2Fv2%2Fmedia&parent=33"}],"curies":[{"name":"wp","href":"https:\/\/api.w.org\/{rel}","templated":true}]}}