{"id":2396,"date":"2020-05-18T09:27:37","date_gmt":"2020-05-18T07:27:37","guid":{"rendered":"http:\/\/www.golf-pankow.de\/?page_id=2396"},"modified":"2022-01-21T08:46:00","modified_gmt":"2022-01-21T07:46:00","slug":"neu-ab-17-mai-2020","status":"publish","type":"page","link":"https:\/\/www.golf-pankow.de\/?page_id=2396","title":{"rendered":"Neuerungen"},"content":{"rendered":"<p>(F\u00fcr \u00dcbersetzungen bitte oben rechts \u201e<strong>Translate<\/strong>\u201c mit Sprachenauswahl anklicken)<\/p>\n<p><u>G\u00fcltig ab 3. Juli 2021:<\/u><img loading=\"lazy\" decoding=\"async\" class=\"size-full wp-image-2416 alignright\" src=\"https:\/\/www.golf-pankow.de\/pdfs\/Turnierplan\/Turnierplan2022\/Turnierplan_2022_5.jpg\" alt=\"\" width=\"450\" height=\"853\"><\/p>\n<p>Die Verpflichtung zur Anwesenheitsdokumentation entf\u00e4llt.<br \/>\nKontaktbeschr\u00e4nkungen und Mindestabstand im Freien sind nicht mehr erforderlich.<br \/>\nMedizinische Masken (statt FFP2-Masken) sind im Proshop erlaubt.<br \/>\nVeranstaltungen in geschlossenen R\u00e4umen (bis 500 Personen) sind erlaubt.<br \/>\nDamit k\u00f6nnen die Abendveranstaltungen unserer n\u00e4chsten Turniere stattfinden.<\/p>\n<p><u>G\u00fcltig ab 4. Juni 2021:<\/u><\/p>\n<p>Es darf wieder in Flights zu vier Personen gespielt werden.<br \/>\nDie Toiletten im Clubhaus sind wieder ge\u00f6ffnet (nicht die Duschen und Umkleiden).<br \/>\nDas Sunday Sunrise Turnier findet bis auf weiteres wieder \u00fcber 18 Loch statt.<\/p>\n<p><u>G\u00fcltig ab 23. April 2021:<\/u><\/p>\n<p>Folgende Turniere sind abgesagt:<\/p>\n<p>24. April: Saisoner\u00f6ffnungsturnier<br \/>\n8. Mai: Deutsch-Vietnamesisches Turnier<br \/>\n13. Mai: Turnier am Herrentag<br \/>\n22. Mai: Golfer and Friend<br \/>\n12. Juni: Berliner Scramble-Meisterschaften<\/p>\n<p><u>G\u00fcltig ab 24. Januar 2021:<\/u><\/p>\n<p><!--<strong>Folgende Turniere fallen aus<\/strong> (wegen eingeschr\u00e4nkter Abendveranstaltung):\n\n06.08.2020: Die 36 Loch von Pankow um den Preis des Pr\u00e4sidenten\n08.08.2020: Sepp Maier Turnier 2020\n15.08.2020: Sommerturnier \u2013 VON POLL IMMOBILIEN\n27.08.2020: Berliner Scramble-Meisterschaften\n\n<strong>Folgende Turniere finden statt<\/strong> (nach derzeitigem Stand der Dinge):\n\n27.06.2020: Golfer &amp; Friend\n29.08.2020: Golfer &amp; Friend\n12.\/13.09.2020: Offene Meisterschaften von Pankow 2020\n03.10.2020: Jubil\u00e4umsturnier 30 Jahre Deutsche Einheit\n\n<strong>Serienturniere:<\/strong>\n\n--><strong>Das Tor zum Golfplatz wird t\u00e4glich um 8.00 fr\u00fch (im Dezember,&nbsp; Januar und Februar ab 9.00 Uhr fr\u00fch)&nbsp; ge\u00f6ffnet.<\/strong><br \/>\nDas Clubb\u00fcro ist ab 8.00 Uhr (im Dezember, Januar und Februar ab 9.00 Uhr) bis Sonnenuntergang ge\u00f6ffnet.<\/p>\n<p><strong>Das Golfspiel ist bis Sonnenuntergang in 2er Flights m\u00f6glich. In der Regel werden 9-Loch-Runden gespielt, eine zweite 9-Loch-Runde ist nach R\u00fccksprache im Clubb\u00fcro oder beim Starter m\u00f6glich.<br \/>\n<\/strong><\/p>\n<p>Alle Spieler m\u00fcssen sich vor dem Spiel am\/im Clubb\u00fcro anmelden und in Anwesenheitslisten eintragen.<br \/>\nBegleitpersonen, die nicht Golf spielen, sind auf dem Golfplatzgel\u00e4nde nicht gestattet.<\/p>\n<p><strong>Die Driving Range ist abends bis 22.00 Uhr (mit Flutlicht) ge\u00f6ffnet.<\/strong><\/p>\n<p>Leihschl\u00e4ger, Trolleys und Golfcarts m\u00fcssen bis Sonnenuntergang am Clubhaus zur\u00fcckgegeben werden.<\/p>\n<p><strong> Alle Serienturniere k\u00f6nnen (in 2er Flights) gespielt werden:<\/strong><em>&nbsp;<\/em><\/p>\n<p><em>Monday After Work<br \/>\n<\/em><em>Turnier am Donnerstag<br \/>\n<\/em><em>Happy Friday Turnier<br \/>\n<\/em><em>Saturday Morning Turnier<br \/>\n<\/em><em>Sunday Sunrise Turnier (bis Februar 2021 \u00fcber 9 Loch)<br \/>\n<\/em>ab Februar 2021 jeden 1. Samstag im Monat:<em> Z\u00e4hlspiel am Samstag<\/em><\/p>\n<p><strong>9 Loch-Turniere und EDS-Runden \u00fcber 9 Loch sind<\/strong> <strong>auch f\u00fcr Vorgabenklasse 1<\/strong> ( bis&nbsp; Stammvorgabe 4,4) <strong>vorgabenwirksam<\/strong> (Entscheidung des DGV).<\/p>\n<p><strong>Das Saisoner\u00f6ffnungsturnier am 24. April ist abgesagt.<\/strong><\/p>\n<p><strong>Es bestehen weiterhin die Abstandsregelung (mindestens 1,5 m) und die Hygieneregeln auf dem gesamten Golfplatzgel\u00e4nde (auch am Parkplatz) und die Maskenpflicht im Clubb\u00fcro.<\/strong><\/p>\n<p>Wir w\u00fcnschen ein sch\u00f6nes Spiel!<\/p>\n<p><img loading=\"lazy\" decoding=\"async\" class=\"size-full wp-image-2408 alignnone\" src=\"https:\/\/www.golf-pankow.de\/wp-content\/uploads\/2020\/05\/GRBP_Wappen.gif\" alt=\"\" width=\"84\" height=\"100\"><br \/>\nDas Team vom<br \/>\nGolf Resort Berlin Pankow<\/p>\n","protected":false},"excerpt":{"rendered":"<p>(F\u00fcr \u00dcbersetzungen bitte oben rechts \u201eTranslate\u201c mit Sprachenauswahl anklicken) G\u00fcltig ab 3. Juli 2021: Die Verpflichtung zur Anwesenheitsdokumentation entf\u00e4llt. Kontaktbeschr\u00e4nkungen und Mindestabstand im Freien sind nicht mehr erforderlich. Medizinische Masken (statt FFP2-Masken) sind im Proshop erlaubt. Veranstaltungen in geschlossenen R\u00e4umen<span class=\"ellipsis\">&hellip;<\/span><\/p>\n<div class=\"read-more\"><a href=\"https:\/\/www.golf-pankow.de\/?page_id=2396\">Weiterlesen &#8250;<\/a><\/div>\n<p><!-- end of .read-more --><\/p>\n","protected":false},"author":1,"featured_media":0,"parent":0,"menu_order":0,"comment_status":"closed","ping_status":"closed","template":"full-width-page.php","meta":{"footnotes":""},"class_list":["post-2396","page","type-page","status-publish","hentry"],"_links":{"self":[{"href":"https:\/\/www.golf-pankow.de\/index.php?rest_route=\/wp\/v2\/pages\/2396","targetHints":{"allow":["GET"]}}],"collection":[{"href":"https:\/\/www.golf-pankow.de\/index.php?rest_route=\/wp\/v2\/pages"}],"about":[{"href":"https:\/\/www.golf-pankow.de\/index.php?rest_route=\/wp\/v2\/types\/page"}],"author":[{"embeddable":true,"href":"https:\/\/www.golf-pankow.de\/index.php?rest_route=\/wp\/v2\/users\/1"}],"replies":[{"embeddable":true,"href":"https:\/\/www.golf-pankow.de\/index.php?rest_route=%2Fwp%2Fv2%2Fcomments&post=2396"}],"version-history":[{"count":49,"href":"https:\/\/www.golf-pankow.de\/index.php?rest_route=\/wp\/v2\/pages\/2396\/revisions"}],"predecessor-version":[{"id":2877,"href":"https:\/\/www.golf-pankow.de\/index.php?rest_route=\/wp\/v2\/pages\/2396\/revisions\/2877"}],"wp:attachment":[{"href":"https:\/\/www.golf-pankow.de\/index.php?rest_route=%2Fwp%2Fv2%2Fmedia&parent=2396"}],"curies":[{"name":"wp","href":"https:\/\/api.w.org\/{rel}","templated":true}]}}