{"id":2080,"date":"2018-05-18T17:10:35","date_gmt":"2018-05-18T15:10:35","guid":{"rendered":"http:\/\/golf-pankow.de\/?page_id=2080"},"modified":"2021-10-10T08:15:03","modified_gmt":"2021-10-10T06:15:03","slug":"datenschutz","status":"publish","type":"page","link":"https:\/\/www.golf-pankow.de\/?page_id=2080","title":{"rendered":"Datenschutz"},"content":{"rendered":"<p><strong>Das Unternehmen<\/strong><\/p>\n<p>Golf Resort Berlin Pankow GmbH<br \/>\nGesch\u00e4ftssitz: S\u00e4gmeister 29, 84489 Burghausen<br \/>\nHandelsregister Traunstein HRB 29412<\/p>\n<p><strong>Die Kontaktdaten des Unternehmens<\/strong><\/p>\n<p>Golf Resort Berlin Pankow<br \/>\nGabriele Wagm\u00fcller<br \/>\nBlankenburger Pflasterweg 40, D-13129 Berlin<br \/>\nTel. 030 &#8211; 500 194 90, E-Mail: info(@)golf-pankow.de<\/p>\n<p><strong>Die Kontaktdaten des Datenschutzbeauftragten<\/strong><\/p>\n<p>Golf Resort Berlin Pankow<br \/>\nPaul Wagm\u00fcller<br \/>\nBlankenburger Pflasterweg 40, D-13129 Berlin<br \/>\nTel. 030 &#8211; 500 194 90, E-Mail: pw(@)golf-pankow.de<\/p>\n<p><strong>Datenschutzerkl\u00e4rung<\/strong><\/p>\n<p>Sie erhalten als Nutzer unserer Internetseite in dieser Datenschutzerkl\u00e4rung alle notwendigen Informationen dar\u00fcber, wie, in welchem Umfang sowie zu welchem Zweck wir oder Drittanbieter Daten von Ihnen erheben und diese verwenden. Die Erhebung und Nutzung Ihrer Daten erfolgt streng nach den Vorgaben des Bundesdatenschutzgesetzes (BDSG) und des Telemediengesetzes (TMG). Wir f\u00fchlen uns der Vertraulichkeit Ihrer personenbezogenen Daten besonders verpflichtet und arbeiten deshalb streng innerhalb der Grenzen, die die gesetzlichen Vorgaben uns setzen. Die Erhebung dieser personenbezogenen Daten erfolgt auf freiwilliger Basis, wenn uns das m\u00f6glich ist. Auch geben wir diese Daten nur mit Ihrer ausdr\u00fccklichen Zustimmung an Dritte weiter. Wir sorgen bei besonders vertraulichen Daten wie im Zahlungsverkehr oder im Hinblick auf Ihre Anfragen an uns durch Einsatz einer SSL-Verschl\u00fcsselung f\u00fcr hohe Sicherheit. Wir m\u00f6chten es aber an dieser Stelle nicht vers\u00e4umen, auf die allgemeinen Gefahren der Internetnutzung hinzuweisen, auf die wir keinen Einfluss haben. Besonders im E-Mail-Verkehr sind Ihre Daten ohne weitere Vorkehrungen nicht sicher und k\u00f6nnen unter Umst\u00e4nden von Dritten erfasst werden.<\/p>\n<p><strong>Auskunft, L\u00f6schung, Sperrung<\/strong><\/p>\n<p>Sie erhalten jederzeit unentgeltlich Auskunft \u00fcber die von uns gespeicherten personenbezogenen Daten zu Ihrer Person sowie zur Herkunft, dem Empf\u00e4nger und dem Zweck von Datenerhebung sowie Datenverarbeitung. Au\u00dferdem haben Sie das Recht, die Berichtigung, die Sperrung oder L\u00f6schung Ihrer Daten zu verlangen. Ausgenommen davon sind Daten, die aufgrund gesetzlicher Vorschriften aufbewahrt oder zur ordnungsgem\u00e4\u00dfen Gesch\u00e4ftsabwicklung ben\u00f6tigt werden. Damit eine Datensperre jederzeit realisiert werden kann, werden Daten zu Kontrollzwecken in einer Sperrdatei vorgehalten. Werden Daten nicht von einer gesetzlichen Archivierungspflicht erfasst, l\u00f6schen wir Ihre Daten auf Ihren Wunsch. Greift die Archivierungspflicht, sperren wir Ihre Daten. F\u00fcr alle Fragen und Anliegen zur Berichtigung, Sperrung oder L\u00f6schung von personenbezogenen Daten wenden Sie sich bitte an unseren Datenschutzbeauftragten unter den Kontaktdaten in dieser Datenschutzerkl\u00e4rung bzw. an die im Impressum genannte Adresse.<\/p>\n<p><strong>Erhebung von Zugriffsdaten<\/strong><\/p>\n<p>Die Auslieferung und Darstellung der Inhalte \u00fcber unsere Webseite erfordert technisch die Erfassung bestimmter Daten. Mit Ihrem Zugriff auf unsere Webseite werden diese sogenannten Server-Logfiles durch uns oder den Provider des Webspace erfasst. Diese Logfiles erlauben keinen R\u00fcckschluss auf Sie und Ihre Person. Die entsprechenden Informationen bestehen aus dem Namen der Webseite, der Datei, dem aktuellen Datum, der Datenmenge, dem Webrowser und seiner Version, dem eingesetzten Betriebssystem, dem Domain-Namen Ihres Internet-Providers, der Referrer-URL als jene Seite, von der Sie auf unsere Seite gewechselt sind, sowie der entsprechenden IP-Adresse. Wir nutzen diese Daten zur Darstellung und Auslieferung unserer Inhalte sowie zu statistischen Zwecken. Die Informationen unterst\u00fctzen die Bereitstellung und st\u00e4ndige Verbesserung unseres Angebots. Auch behalten wir uns vor, die erw\u00e4hnten Daten nachtr\u00e4glich zu pr\u00fcfen, sollte der Verdacht auf eine rechtswidrige Nutzung unseres Angebotes bestehen.<\/p>\n<p><strong>Inhalte und Dienste von Drittanbietern<\/strong><\/p>\n<p>Das Angebot auf unserer Webseite erfasst unter Umst\u00e4nden auch Inhalte, Dienste und Leistungen von anderen Anbietern, die unser Angebot erg\u00e4nzen.<br \/>\nBeispiele f\u00fcr solche Angebote sind Karten von Google-Maps, YouTube-Videos oder Grafikdarstellungen Dritter. Der Aufruf dieser Leistungen von dritter Seite erfordert regelm\u00e4\u00dfig die \u00dcbermittlung Ihrer IP-Adresse. Damit ist es diesen Anbietern m\u00f6glich, Ihre Nutzer-IP-Adresse wahrzunehmen und diese auch zu speichern. Wir bem\u00fchen uns sehr, nur solche Drittanbieter einzubeziehen, die IP-Adressen allein zur Auslieferung der Inhalte nutzen. Wir haben dabei jedoch keinen Einfluss darauf, welcher Drittanbieter gegebenenfalls die IP-Adresse speichert. Diese Speicherung kann zum Beispiel statistischen Zwecken dienen. Sollten wir von Speicherungsvorg\u00e4ngen durch Drittanbieter Kenntnis erlangen, weisen wir unsere Nutzer unverz\u00fcglich auf diese Tatsache hin. Beachten Sie bitte in diesem Zusammenhang auch die speziellen Datenschutzerkl\u00e4rungen zu einzelnen Drittanbietern und Dienstleistern, deren Service wir auf unserer Webseite nutzen. Sie finden Sie ebenfalls in dieser Datenschutzerkl\u00e4rung.<\/p>\n<p><strong>Personenbezogene Daten<\/strong><\/p>\n<p>Personenbezogene Daten erheben wir im Rahmen von Datenvermeidung und Datensparsamkeit nur in dem Ausma\u00df und so lange, wie es zur Nutzung unserer Webseite notwendig ist, beziehungsweise vom Gesetzgeber vorgeschrieben wird.<br \/>\nWir nehmen den Schutz Ihrer pers\u00f6nlichen Daten ernst und halten uns bei Erhebung und Verarbeitung personenbezogener Daten streng an die entsprechenden gesetzlichen Vorschriften und an diese Datenschutzerkl\u00e4rung.<br \/>\nF\u00e4llt der Zweck der Datenerhebung weg oder ist das Ende der gesetzlichen Speicherfrist erreicht, werden die erhobenen Daten gesperrt oder gel\u00f6scht.<br \/>\nRegelm\u00e4\u00dfig kann unsere Webseite ohne die Weitergabe pers\u00f6nlicher Daten genutzt werden. Wenn wir personenbezogene Daten erheben \u2013 etwa Ihren Namen, Ihre Anschrift oder Ihre E-Mail-Adresse \u2013 erfolgt diese Datenerhebung freiwillig. Ohne eine ausdr\u00fccklich erteilte Zustimmung von Ihrer Seite werden diese Daten Dritten nicht zur Kenntnis gebracht. Beachten Sie bitte, dass Daten im Internet allgemein nicht immer sicher \u00fcbertragen werden.<br \/>\nBesonders im E-Mail-Verkehr kann der Schutz beim Datenaustausch nicht garantiert werden.<\/p>\n<p><strong>Server Logfiles<\/strong><\/p>\n<p>Bei den Server Logfiles handelt es sich um anonymisierte Daten, die bei Ihrem Zugriff auf unsere Webseite erfasst werden. Diese Informationen erm\u00f6glichen keine R\u00fcckschl\u00fcsse auf Sie pers\u00f6nlich, sind aber aus technischen Gr\u00fcnden f\u00fcr die Auslieferung und Darstellung unserer Inhalte unverzichtbar.<br \/>\nWeiterhin dienen Sie unserer Statistik und der st\u00e4ndigen Optimierung unserer Inhalte. Typische Logfiles sind das Datum und die Zeit des Zugriffs, die Datenmenge, der f\u00fcr den Zugriff benutzte Browser und seine Version, das eingesetzte Betriebssystem, der Domainname des von Ihnen beauftragten Providers, die Seite, von der Sie zu unserem Angebot gekommen sind<br \/>\n(Referrer-URL) und Ihre IP-Adresse. Logfiles erm\u00f6glichen au\u00dferdem eine genaue Pr\u00fcfung bei Verdacht auf eine rechtswidrige Nutzung unserer Webseite.<\/p>\n<p><strong>Widerspruch Werbe-E-Mails<\/strong><\/p>\n<p>Im Rahmen der gesetzlichen Impressumspflicht m\u00fcssen wir unsere Kontaktdaten ver\u00f6ffentlichen. Diese werden von dritten Personen teilweise zur \u00dcbersendung nicht erw\u00fcnschter Werbung und Informationen genutzt. Wir widersprechen hiermit jeglicher von uns nicht ausdr\u00fccklich autorisierten \u00dcbersendung von Werbematerial aller Art. Wir behalten uns ferner ausdr\u00fccklich rechtliche Schritte gegen die unerw\u00fcnschte und unverlangte Zusendung von Werbematerial vor. Dies gilt insbesondere f\u00fcr sogenannte Spam-E-Mails, Spam-Briefe und Spam-Faxe. Wir weisen darauf hin, dass die unautorisierte \u00dcbermittlung von Werbematerial sowohl wettbewerbsrechtliche, zivilrechtliche und strafrechtliche Tatbest\u00e4nde ber\u00fchren kann. Speziell Spam-E-Mails und Spam-Faxe k\u00f6nnen zu hohen Schadensersatzforderungen f\u00fchren, wenn sie den Gesch\u00e4ftsbetrieb durch \u00dcberf\u00fcllung von Postf\u00e4chern oder Faxger\u00e4ten st\u00f6ren.<\/p>\n<p><strong>Google Maps Plugin<\/strong><\/p>\n<p>Wir setzen auf unserer Webseite ein Plugin des Internetdienstes Google Maps ein. Betreiber von Google Maps ist Google Inc., ans\u00e4ssig in den USA, CA 94043, 1600 Amphitheatre Parkway, Mountain View. Indem Sie Google Maps auf unserer Webseite nutzen, werden Informationen \u00fcber die Nutzung dieser Webseite und Ihre IP-Adresse an einen Google-Server in den USA \u00fcbermittelt und auch auf diesem Server gespeichert. Wir haben keine Kenntnis \u00fcber den genauen Inhalt der \u00fcbermittelten Daten, noch \u00fcber ihre Nutzung durch Google.<br \/>\nDas Unternehmen verneint in diesem Kontext die Verbindung der Daten mit Informationen aus anderen Google-Diensten und die Erfassung personenbezogener Daten. Allerdings kann Google die Informationen an Dritte \u00fcbermitteln. Wenn Sie Javascript in Ihrem Browser deaktivieren, verhindern Sie die Ausf\u00fchrung von Google Maps. Sie k\u00f6nnen dann aber auch keine Kartenanzeige auf unserer Webseite nutzen. Mit der Nutzung unserer Webseite erkl\u00e4ren Sie Ihr Einverst\u00e4ndnis mit der beschriebenen Erfassung und Verarbeitung der Informationen durch Google Inc.. N\u00e4heres zu den Datenschutzbestimmungen und Nutzungsbedingungen f\u00fcr Google Maps erfahren Sie hier: https:\/\/www.google.com\/intl\/de_de\/help\/terms_maps.html.<\/p>\n<p><strong>Haftungsausschluss<\/strong><\/p>\n<p>siehe <a href=\"http:\/\/golf-pankow.de\/?page_id=115\">Impressum<\/a><\/p>\n","protected":false},"excerpt":{"rendered":"<p>Das Unternehmen Golf Resort Berlin Pankow GmbH Gesch\u00e4ftssitz: S\u00e4gmeister 29, 84489 Burghausen Handelsregister Traunstein HRB 29412 Die Kontaktdaten des Unternehmens Golf Resort Berlin Pankow Gabriele Wagm\u00fcller Blankenburger Pflasterweg 40, D-13129 Berlin Tel. 030 &#8211; 500 194 90, E-Mail: info(@)golf-pankow.de Die<span class=\"ellipsis\">&hellip;<\/span><\/p>\n<div class=\"read-more\"><a href=\"https:\/\/www.golf-pankow.de\/?page_id=2080\">Weiterlesen &#8250;<\/a><\/div>\n<p><!-- end of .read-more --><\/p>\n","protected":false},"author":1,"featured_media":0,"parent":0,"menu_order":0,"comment_status":"closed","ping_status":"closed","template":"full-width-page.php","meta":{"footnotes":""},"class_list":["post-2080","page","type-page","status-publish","hentry"],"_links":{"self":[{"href":"https:\/\/www.golf-pankow.de\/index.php?rest_route=\/wp\/v2\/pages\/2080","targetHints":{"allow":["GET"]}}],"collection":[{"href":"https:\/\/www.golf-pankow.de\/index.php?rest_route=\/wp\/v2\/pages"}],"about":[{"href":"https:\/\/www.golf-pankow.de\/index.php?rest_route=\/wp\/v2\/types\/page"}],"author":[{"embeddable":true,"href":"https:\/\/www.golf-pankow.de\/index.php?rest_route=\/wp\/v2\/users\/1"}],"replies":[{"embeddable":true,"href":"https:\/\/www.golf-pankow.de\/index.php?rest_route=%2Fwp%2Fv2%2Fcomments&post=2080"}],"version-history":[{"count":3,"href":"https:\/\/www.golf-pankow.de\/index.php?rest_route=\/wp\/v2\/pages\/2080\/revisions"}],"predecessor-version":[{"id":2803,"href":"https:\/\/www.golf-pankow.de\/index.php?rest_route=\/wp\/v2\/pages\/2080\/revisions\/2803"}],"wp:attachment":[{"href":"https:\/\/www.golf-pankow.de\/index.php?rest_route=%2Fwp%2Fv2%2Fmedia&parent=2080"}],"curies":[{"name":"wp","href":"https:\/\/api.w.org\/{rel}","templated":true}]}}