{"id":115,"date":"2017-08-27T15:15:01","date_gmt":"2017-08-27T15:15:01","guid":{"rendered":"http:\/\/golf-pankow.de\/?page_id=115"},"modified":"2021-10-10T08:17:09","modified_gmt":"2021-10-10T06:17:09","slug":"impressum","status":"publish","type":"page","link":"https:\/\/www.golf-pankow.de\/?page_id=115","title":{"rendered":"Impressum"},"content":{"rendered":"<p><strong>Golf Resort Berlin Pankow GmbH<\/strong><\/p>\n<p>Gesch\u00e4ftssitz: S\u00e4gmeister 29, 84489 Burghausen<br \/>\nHandelsregister Traunstein HRB 29412<\/p>\n<p><strong>Anschrift Golfplatz:<\/strong><\/p>\n<p>Blankenburger Pflasterweg 40, D-13129 Berlin<br \/>\nTel. (030) 500 194 90 * Fax (030) 500 194 99<br \/>\ninfo(@)golf-pankow.de \u2014 www.golf-pankow.de<\/p>\n<p><strong>Inhaber und Verantwortlicher des Internetauftritts:<\/strong><\/p>\n<p>Dr. R\u00fcdiger Umhau, Adresse obenstehend<\/p>\n<p><strong>Haftungsausschluss<\/strong> <a style=\"font-family: 'Trebuchet MS', Geneva, Arial, Helvetica, SunSans-Regular, sans-serif; font-size: small;\" href=\"http:\/\/www.disclaimer.de\/disclaimer.htm\" target=\"_blank\" rel=\"noopener noreferrer\"><img loading=\"lazy\" decoding=\"async\" src=\"http:\/\/www.disclaimer.de\/images\/d_aniblack.gif\" alt=\"disclaimer\" width=\"84\" height=\"20\" border=\"0\" hspace=\"40\" \/><\/a><\/p>\n<p>Die Mitteilung s\u00e4mtlicher Informationen auf diesen Internetseiten des Golf Resort Berlin Pankow erfolgt nach bestem Wissen und Gewissen, jedoch unter Ausschluss jeglicher Haftung f\u00fcr die Aktualit\u00e4t, Vollst\u00e4ndigkeit oder Richtigkeit, insbesondere f\u00fcr jegliche Sch\u00e4den, die durch Fehler auf diesen Internetseiten entstehen.<\/p>\n<p>Mit Urteil vom 12. Mai 1998 hat das Landgericht Hamburg entschieden, dass man durch die Ausbringung eines Links die Inhalte der gelinkten Seite ggf. mit zu verantworten hat. Dies kann &#8211; so das Landgericht &#8211; nur dadurch verhindert werden, dass man sich ausdr\u00fccklich von diesen Inhalten distanziert. Wir haben auf unserer Partnerseite Links zu anderen Seiten im Internet. F\u00fcr all diese Links gilt: Wir m\u00f6chten ausdr\u00fccklich betonen, dass wir keinerlei Einfluss auf die Gestaltung und die Inhalte der gelinkten Seiten haben. Wir distanzieren uns vorsorglich von allen fremden Inhalten.<\/p>\n<span id=\"adswsc_block\" > <img id='adswsc_counter' style='border-width:3px; border-style:inset; border-color:white; border-radius:3px; ' src='data:image\/jpeg;base64,\/9j\/4AAQSkZJRgABAQEAYABgAAD\/\/gA7Q1JFQVRPUjogZ2QtanBlZyB2MS4wICh1c2luZyBJSkcgSlBFRyB2NjIpLCBxdWFsaXR5ID0gOTAK\/9sAQwADAgIDAgIDAwMDBAMDBAUIBQUEBAUKBwcGCAwKDAwLCgsLDQ4SEA0OEQ4LCxAWEBETFBUVFQwPFxgWFBgSFBUU\/9sAQwEDBAQFBAUJBQUJFA0LDRQUFBQUFBQUFBQUFBQUFBQUFBQUFBQUFBQUFBQUFBQUFBQUFBQUFBQUFBQUFBQUFBQU\/8AAEQgAMwD8AwEiAAIRAQMRAf\/EAB8AAAEFAQEBAQEBAAAAAAAAAAABAgMEBQYHCAkKC\/\/EALUQAAIBAwMCBAMFBQQEAAABfQECAwAEEQUSITFBBhNRYQcicRQygZGhCCNCscEVUtHwJDNicoIJChYXGBkaJSYnKCkqNDU2Nzg5OkNERUZHSElKU1RVVldYWVpjZGVmZ2hpanN0dXZ3eHl6g4SFhoeIiYqSk5SVlpeYmZqio6Slpqeoqaqys7S1tre4ubrCw8TFxsfIycrS09TV1tfY2drh4uPk5ebn6Onq8fLz9PX29\/j5+v\/EAB8BAAMBAQEBAQEBAQEAAAAAAAABAgMEBQYHCAkKC\/\/EALURAAIBAgQEAwQHBQQEAAECdwABAgMRBAUhMQYSQVEHYXETIjKBCBRCkaGxwQkjM1LwFWJy0QoWJDThJfEXGBkaJicoKSo1Njc4OTpDREVGR0hJSlNUVVZXWFlaY2RlZmdoaWpzdHV2d3h5eoKDhIWGh4iJipKTlJWWl5iZmqKjpKWmp6ipqrKztLW2t7i5usLDxMXGx8jJytLT1NXW19jZ2uLj5OXm5+jp6vLz9PX29\/j5+v\/aAAwDAQACEQMRAD8A+CvAHg+Txz4ntNIjk8kzNgyEZ2j1rqfHPwmh8Cap9jvblxkZRy6qGHqMjpW3+yzp\/wBq+IPnkZEETN+h\/wDrVb\/aw1H7R41trYHPkQAfmM\/1r6mOXUf7EeOl8fPZeh8JLOMT\/rNHK4W9n7Pmfrfc81\/4R\/Sv+fw\/9\/V\/wrqfA\/wa\/wCE9uHi0+4YIn3piwZV+uBXl1fXH7Ktgtj4GvbxhjzZeT7KCf61z5Dl9PM8dGhV+HVv5HZxXm9XJcrniqFue6Sv3b\/Q+XvFfh6Twtr95pcziSS2coWXocV7f8F\/gZpGveHE1zXt7wTEhVRgNnT5jkdP5fSvG\/Ht8dW8Z6nOeTJOf519Z6aP+Ec+AW77jCxJ\/wC+jj+Rr18hweGrYzETqR5oU1JpPyelz57ivMsbhsuwlKjPlq1pRi2t9Vrb5lX\/AIUd8OB\/y0i\/8Co\/8KT\/AIUd8N\/+esP\/AIFR\/wCFfIcutXzyM32yfkk\/6w0Q6nfTSpH9snO9gv8ArD3rX\/WHL\/8AoBj\/AF8jFcI5t\/0NJ\/18z0X45+FPDXhrUrdfDkjPGfllDMCN3tjtXIfDzwg\/jjxVZ6Sr+WJmAZ\/QZp\/jOYsLVCSSdzHJ+mP616B+yzp\/2r4g+eRkQRM36H\/61fP4WMMzzOEeRRjOS0WyR9Zjp1MkySrNVHOdOD96W7fd\/M9ft\/2f\/AdjAkN5mO4UYfzZ0Uk+oyOhqT\/hRXw4\/wCekX\/gVH\/hXlv7VGuzp41t7aCd4vKgUHYxHbP9a8T\/ALZv\/wDn8n\/7+Gvr8dm2XYDEzwqwcZcjtf8ApH5\/lWQ5xmuCpY6WYzj7RXt2v8z6m8V\/B34caVodzMs22bYfL8qZHO7tkAdK+UruMQ3U0a\/dRyo\/A11Phe8uJ7e6knnklXIHzsT0BP8AWuUJM85Pd2\/ma+MzPHUsdUjKjRVNLouvqfo2S5XiMrpSjicTKtJveXT0PoT4M\/ArSNc8Nx63rxd4JiQqowAQDHzNkdK9D\/4UV8OB\/wAtI\/8AwKj\/AMKt2p\/4Rz4A5HyMLE\/+PNj+Rr44k1u\/aRj9sn5JP+sNfb4qrgMjo0KU8NGpKUVJt76n5lgKGa8T4nFV6eNlShCbiktrL5o+vB8CfhyekkZ\/7eo\/8K8r+O3wW0zwfpMWs6NvjtC\/ltHKckn1HHSvPfhpLe6z430m0e5mkSSZQVLkg8175+1nqQtvCmnWanHmysxHsMY\/rUyqYHM8qxGJWGjT5LWtvdmkKWZ5Ln2DwUsZKqql7p7JLyuz5Utrdrq5jhUgM7BQTXRL4d0+MBZ7h45R94M6j8Rx0rL8OR+ZrEHouW\/Q0\/xPJ5mryD+4qr+mf61+Yn7aaX\/CP6V\/z+H\/AL+r\/hXU+B\/g1\/wntw8Wn3DBE+9MWDKn1wK8ur64\/ZV08WPga9vGGBLLyfYAn+tfRZDl9PM8dGhV+HVv5HyHFeb1clyueKoW57pK\/dv9D5e8V+HpfCviC80uZxJJbSFCy9DivQ\/DnwIuNc8Bf8JIbg7eT5KcEKADu57Vw\/j2+bVfGepzk5Mk5\/nX1npoHh34A5+6RYtn\/gRx\/I13ZTluGx1fEqpfkhGTXlZ6HlZ\/nOMyzC4KVJr2lScE9N7rU+U28PaUrFTeEEHB\/er\/AIU6DwzplxMkUd2WdztAEq8n8q5eZ\/Mldv7zE10fw107+1fG+k22M751\/nXytKn7WpGmursfeV6yoUZVpfZTf3I6vxz8D7zwb4Sg12Wb93IwUwv94ZGQfpXI+APB8njnxPaaRHJ5JmbBkIztHrX0h+1hqItfB+n2anHmykkewxj+teZ\/ss6f9q+IPnkZEETN+h\/+tX2OMynDUc5pZfSu4+6n533PzrLs\/wAZiOG6+b17Ka53Gy2tojE8c\/CaHwJqn2O9uXGRlHLqoYeoyOlc3\/wj+lf8\/h\/7+r\/hXpX7WGo\/aPGttbA58iAD8xn+teG189m2HpYTHVaFH4YuyPrcgxlfMMroYrEfHOKbseo+B\/g1\/wAJ7cPFp9wwRPvTFgyr9cCuE8V+H5PC2v3mlzOJJLZyhZehxX1F+yrYLY+Br28YY82Xk+ygn+tfNHxA1A6n4x1W4JyXmavTx2XUcJleHxGvtKjbfoeLlec4nMM8xmD09lRSS73e7ue1fsh2IbUNYujjKxbR+JH\/ANeuR+PWman4g+I+ozW1nNPCjGNXRcg44\/pWF8IvE974V1WW8guHjtxhZYlPEgPUH24r2+L9q7w4kSD+yZUwMbVbgf8Ajtetg6+Ax2VQwGJreycHfa9zwMxwubZZntTNcHh\/bqpFRSTty2tvf0Pmn\/hDdb\/6Btx\/3xX1x8MrY+FvghI8q+U4gmkO7jDbdo\/UVhQ\/tV+Hp5UjTS5yzkKBu7n\/AIDWp8bIJdT+Ftxqy3Utj5qpL9ljPyMCON3q2O9exleEwWXRr4vBV\/bOMHdWtbzu\/wAj57PMwzLN54XAZnhvq8ZVI2d+a9ull67nySrfb\/EIYnIluc5+rV9g\/FWOax+C0VlbRtJNJBDCEQcn5Mn+VfF8JcTIUJD7hg+9fR\/g\/wCPkPgnSrez1yKXU5VTZHNnlVGOBweOR+X5fNZBjsNQVehiZcntVbm3sfacWZXjMS8LisHD2nsJX5L2b2tr5WPBx4M1s\/8AMNuP++asaf4S1aDULd5rCdI1cMWK8DHP9K+jv+GsfD3\/AEC5\/wDvr\/7Guq8E\/FDTfjB9s06109oYFTMskh3cZHTgc8jntXZTyHLMTL2WHxnNN7LlerPOrcVZ5g4OvjMt5Kcd3zrRHyB4tl36kif3IwPxyf8A61e4fsh2IbUNYujglYgo9skf\/Xryz4y+GbXwp491CxtJGkhVtwL9eexr1v8AZc8GyT6df6z9tmt1z5YjjOFfr19uP\/riuHIMNVo5zCk43cG769j0+K8ZRxPDdSup8saija67tWVjifj1pmp+IPiPqM1tZzTwoxjV0XIOOP6V53\/whut\/9A24\/wC+K+n779p\/w\/pN1LZyaXJvhOw7G449PlqOH9qvw7PKka6XOWchQN3c\/wDAa9TFZdlGJrzrTx1nJttcr6nh4HOOIcFhKWHp5Y3GEUk+dapLc+e7WxuNF8O3P2mF4JGDthxg9MD+Vc1pMQn1O0jPRpVH619VfHnwrZeI\/h8fEkoNrdBEkSJOhBHAb1OO\/wCFfMPhHSH13xHYWKMUaWUAMOo5r5nMcrnl2LjQvzKVmn3T206H2uTZ7TznATxVuRxupLezS1s+q8z67+Lcc1l8GYrK2jaSaSGGEIg5PyZP8q+Rv+EO1v8A6Btx\/wB8V9ieKfF1j8F9G04agZtVR08lXkPzrtx04PBz09up7cp\/w1h4c\/6Bk\/8A31\/9jX3md4PL8XiI\/XMT7KcYpctr2+Z+V8M5hm2Awk\/7PwXt6c5Slz35b622evQ8u\/Z\/8I38PxI0+W8s5II4yXDSLgZHP9K6T9rnVBJrWl2Stny4txX0JJ\/xFeteAfitY\/FWa4tdOs3tEhXe8zHJXBH3eBg8jntXzH8eLWSx+IuowPeS3u1uJJTlvoa87H06OX5G6WFn7SFSXxbfK3y3PXyqtiM34nVfHU\/ZVKVP4L33632W+xzHhGPdqMj\/AN2M\/qRWfrEnm6pdN1\/eEflxV\/w1p7XLzTCZohGNvy98+vtVlfF0aqALIADjh+P5V+bH7Qc3X2d8LEXw\/wDAtrjIUNbyy7vfbtH6ivlqDxWs88ca2fLsFHz+v4V9CeOvCsukfA8TDUriElElMAb5DuHT64719pwzOpQliMTCHNywfW1j8141p0sVDCYOpU5eerHo3f8Aq58yK39oeIQSf9bc5z9Wr7B+Kkctj8ForK2jaSaSCGEInU\/Jk\/yr4vhZ1mQocPuGD719IeEPj3B4K0q2s9dil1KVU2RzZ5VR26Hjp+X0xOQY7DUVXoYmXJ7VW5t7F8WZXjMS8LisHD2nsJX5Nm9ra+VjwX\/hDtb\/AOgbcf8AfFejfALwhqEXxJ02W8s5YI423hnXAyOf6V6l\/wANYeHP+gXP\/wB9f\/Y11vgL4r2HxUnuLTTrN7VYl3vOxyV5H3eBzyOe1evl+UZUsVTdDF88k01Hl3t0Pn834hz36hWjicv9nBxacuZO19L26+h5T+11qgk1bSrFW\/1cW9l9CSf\/AK1P\/ZDsQ2oaxdHGVi2j8SP\/AK9edfHu0ksfiNqED3kt7tOQ8pyw9qh+EXie98K6rLeQXDx24wssSniQHqD7cV5lTMo0eIJYuvHSMmrdraHtUslniOEo5fhJXcoJp7Xu+b8Td+PWman4g+I+ozW1nNPCjGNXRcg44\/pXnf8Awhut\/wDQNuP++K+lov2rvDiRIP7JlTAxtVuB\/wCO1LD+1X4enlSNNLnLOQoG7uf+A124nL8nxdedeWO1k2\/hfU87BZtxFgMNTwsMrbUElfnXQ3fhlbHwt8EJHlXynEE0h3cYbbtH6ivjfUp\/tOoXMuc75Gb9a+v\/AI2QS6n8LbjVlupbHzVSX7LGfkYEcbvVsd6+N65+KZeyeHwiXuwgrPvfrbpsdfAsfbrGZhJ+9UqO6\/lt0v133R1Hh\/8AcaDeS9\/nP5LXL11WjoL3QTawn9424Ox6Lk9\/wqt\/wh03\/Pwn\/fJr4Q\/Uyp4UtDe+I9OhAyWmXj8a+q\/2lbsaR8MLaxU43usYHsq4\/rXz\/wCAtETQ\/Fum313Mj28MoZgB1Ga9S\/aa8TWXiaPQtOsL2KTzMyNhs7M9j6H5elfbZTWp0Moxr5lzysrdbH5nn2GrYriHLVyP2ceZt9Lr\/hj510yPzdRtk9ZF\/nWr4wkzewp\/djz+ZP8AhRoOlN\/wllrYiRXYybAw6ZI4\/nX0I37Ky6usdzeaoYJ2QAxqudv418\/gMqxmZOX1WHNbfofW5rn2X5Ko\/XqnLzbLVv7kfLtfUn7Ium+XpGrXpH32VAfz\/wAKj\/4ZDs\/+gy\/\/AH7r0bwf4UtPg34PvoJLsPAoaUXDfKMgHCn39K+5yHIsZl2OjisXDlhFPW67H5dxXxVlucZZLA5fU5qk3FWs1pfzR8l\/F\/U\/7V+IesTg5BmbH519LfAiD+x\/g1NdH5SUllz9Er5V162OoTX2qidCrzthO5GcV9cfCxbfxD8IbXS7CdfMkgaKZx0iyT198Vx8My9tmVet9pxk15ts9HjamsNkuFw7VoKUE\/JJdT421uf7Tq95L\/elY\/rVnwpaG98R6dCBktMvH419FSfsi2skjMdZbLHJ+StHw3+y9b+G9btNSTUzcNbuHETJgNjtXDDhbNHVUp09L66rv6nq1eOciWHlCnW1tZe697adDQ\/aVuxpHwwtrFTje6xgeyrj+teA\/ASw+3\/E3SVIyEkDn8CK9X\/am1mDVpdG0aG4UTZZ5FJ5QnsR6\/L0+lcH+z09noXxRRL24RQqFUfsWKnA+vSvRzapDEcRU4X92LijxsgpVcLwfWq8r55KcvPW6R2n7Xt\/++0azB6IXI\/E\/wCFfNtfaXxO+CQ+KGqw31xfGyWNAiRBckD3rjP+GQrX\/oMv\/wB8VpneQZnj8fUxFKneLemq2MuGeK8lyrKaOEr1rTitVZvVu\/Yn\/ZG03y9E1a8IxvdUB\/P\/AAFeE\/FvUv7V+IOsT5yDM2Pzr618I+FrX4OeDL63lu1eJVeUXDfKCdvC\/XPT618b67am+kvdVEyFXnbCdzziubPqcsDleEwM9JK7a\/r1OzhStDM88x+Z0tYPlUX5f0i14f8A3Gg3kvf5z+S1zFdVo6i80A2sLASNuDk9Fyf8Krf8IdN\/z8p\/3ya\/Pj9cKfhS1N74j06EDJaZePxr6s\/aVuxpHwwtrFTjeyxgeyrj+tfP\/gLRE0Pxdpt9dzI9vDKGZQDyK9T\/AGmfEtl4mi0LTrC9il8zMjENnZnsff5elfbZTXp0Moxr5lzyskutj8zz\/DVsVxDlq5G6ceZt9Lr\/AIY+dNMj83UbZfWRf51q+MJN17Cn92PP5k\/4VWs4E0zX445ZFZY25cdOnFbGqaBNqt15\/mLECoAVhkgV8SfphyVfUn7Ium+XpGr3hGCzKgP5\/wCFfPn\/AAh03\/Pwn\/fJr6M+A\/iLS\/CXgbULS6u44bmMPNuY7Q2F4A96+t4WlSp5nCdWSSSe\/ex+f8dQr1ckqUqEXJycVp2ueCfF\/U\/7W+IesT5yDMwH51V8P\/uNBvJe\/wA5\/Jaq6\/bHUJr7VROhV52wncjOKuaOgvdBNrCf3jbg7HouT3\/Cvm8TUdavOo+rb\/E+0wVFYfDU6K+zFL7kcrWt4UtDe+I9OhAyWmXj8at\/8IdN\/wA\/Cf8AfJroPAWiJofi3Tb67mR7eGUMwA6jNTQUXVgpOyuisU5Rw9RwV3Z2XyPoD9pW7GkfDC2sVON7rGB7KuP618fV9J\/tNeJrLxNHoWnWF7FJ5mZGw2dmex9D8vSvnO+tDY3ckBdZChxuXpX1HFVeFfMpezd4xSS+4+G4EwtTC5LD2sWpSlJu++9v0IVdkOVYqfY4p\/2iX\/no\/wD30aKK+QP0MPtEv\/PR\/wDvo015Hf7zM31OaKKBCwzPBKskbFHU5DDqK663+IXiRIkVdZugAMAb6KK6KNWpTfuSa9GcmIoUq1vaQUvVJkn\/AAsTxL\/0Gbr\/AL7rO1vxjreq23k3ep3E8R6o78UUVvPEVpRac216s54YPDQkpRpxT9Ec3mtzw\/4n1XRNy2F\/Naq3URtiiiuWnOUJXi7M7a1OFSHLNJrz1Nz\/AIWL4lx\/yGrv\/vumH4i+JsH\/AInV3\/33RRXf9ar\/APPx\/ezzFgcL\/wA+o\/8AgK\/yOU1LUbnU7p5rqd55SeXc5NQwTyW0yyxO0cinIZTyKKK81tuV29T11GKjypaHYW\/xD8SJEqjWbsADAG+nH4i+Js\/8hq7\/AO+6KK9FYmvb+I\/vZ5LwOFv\/AAo\/+Ar\/ACM3W\/GWuatbeTeancXERP3HfiubzRRXHWnKpK83d+Z6NClTpQ5acUl5KwquyHKsVPscU\/7RL\/z0f\/vo0UVgdAfaJf8Ano\/\/AH0aa8jyYLMWPuaKKAG08TyAYEjAf7xoooAX7RL\/AM9H\/wC+jR9olxjzHx\/vGiigTI80quyHKsVPscUUUDH\/AGiX\/no\/\/fRo+0S\/89H\/AO+jRRQA15Hf7zM31OabRRQJH\/\/Z' align='middle'  width='100' \/> <\/span>\n","protected":false},"excerpt":{"rendered":"<p>Golf Resort Berlin Pankow GmbH Gesch\u00e4ftssitz: S\u00e4gmeister 29, 84489 Burghausen Handelsregister Traunstein HRB 29412 Anschrift Golfplatz: Blankenburger Pflasterweg 40, D-13129 Berlin Tel. (030) 500 194 90 * Fax (030) 500 194 99 info(@)golf-pankow.de \u2014 www.golf-pankow.de Inhaber und Verantwortlicher des Internetauftritts:<span class=\"ellipsis\">&hellip;<\/span><\/p>\n<div class=\"read-more\"><a href=\"https:\/\/www.golf-pankow.de\/?page_id=115\">Weiterlesen &#8250;<\/a><\/div>\n<p><!-- end of .read-more --><\/p>\n","protected":false},"author":1,"featured_media":0,"parent":27,"menu_order":3,"comment_status":"closed","ping_status":"closed","template":"full-width-page.php","meta":{"footnotes":""},"class_list":["post-115","page","type-page","status-publish","hentry"],"_links":{"self":[{"href":"https:\/\/www.golf-pankow.de\/index.php?rest_route=\/wp\/v2\/pages\/115","targetHints":{"allow":["GET"]}}],"collection":[{"href":"https:\/\/www.golf-pankow.de\/index.php?rest_route=\/wp\/v2\/pages"}],"about":[{"href":"https:\/\/www.golf-pankow.de\/index.php?rest_route=\/wp\/v2\/types\/page"}],"author":[{"embeddable":true,"href":"https:\/\/www.golf-pankow.de\/index.php?rest_route=\/wp\/v2\/users\/1"}],"replies":[{"embeddable":true,"href":"https:\/\/www.golf-pankow.de\/index.php?rest_route=%2Fwp%2Fv2%2Fcomments&post=115"}],"version-history":[{"count":19,"href":"https:\/\/www.golf-pankow.de\/index.php?rest_route=\/wp\/v2\/pages\/115\/revisions"}],"predecessor-version":[{"id":2804,"href":"https:\/\/www.golf-pankow.de\/index.php?rest_route=\/wp\/v2\/pages\/115\/revisions\/2804"}],"up":[{"embeddable":true,"href":"https:\/\/www.golf-pankow.de\/index.php?rest_route=\/wp\/v2\/pages\/27"}],"wp:attachment":[{"href":"https:\/\/www.golf-pankow.de\/index.php?rest_route=%2Fwp%2Fv2%2Fmedia&parent=115"}],"curies":[{"name":"wp","href":"https:\/\/api.w.org\/{rel}","templated":true}]}}