{"id":105,"date":"2017-08-27T15:19:01","date_gmt":"2017-08-27T15:19:01","guid":{"rendered":"http:\/\/golf-pankow.de\/?page_id=105"},"modified":"2018-02-21T10:12:29","modified_gmt":"2018-02-21T09:12:29","slug":"videos","status":"publish","type":"page","link":"https:\/\/www.golf-pankow.de\/?page_id=105","title":{"rendered":"Videos"},"content":{"rendered":"<p>Liebe Golfer, <\/p>\n<p>wir w\u00fcnschen Ihnen auf unserer Golfanlage in Berlin Pankow ein sch\u00f6nes Spiel und viel Freude. Wie es geht zeigt Ihnen im folgenden Video unser Manager Paul Wagm\u00fcller. <\/p>\n<p>Ihr Team vom Golf Resort Berlin Pankow.<\/p>\n<p><iframe loading=\"lazy\" width=\"560\" height=\"315\" src=\"https:\/\/www.youtube.com\/embed\/sWtXMhGxfN8?rel=0\" frameborder=\"0\" allow=\"autoplay; encrypted-media\" allowfullscreen><\/iframe><\/p>\n<p>Liebe Golfer,<\/p>\n<p>am 18. September 2015 feierten wir in unserer Festhalle das 10-j\u00e4hrige Jubil\u00e4um der Er\u00f6ffnung der Golfanlage Berlin Pankow vom 18. September 2005.<\/p>\n<p>Sie sehen und h\u00f6ren viele Darbietungen unserer Clubmitglieder mit anschlie\u00dfendem Feuerwerk.<\/p>\n<p>Viele Spa\u00df dabei w\u00fcnscht Ihnen das Team vom Golf Resort Berlin Pankow.<\/p>\n<p><iframe loading=\"lazy\" width=\"560\" height=\"315\" src=\"https:\/\/www.youtube.com\/embed\/uy4cAGcnRVM\" frameborder=\"0\" allow=\"autoplay; encrypted-media\" allowfullscreen><\/iframe><\/p>\n","protected":false},"excerpt":{"rendered":"<p>Liebe Golfer, wir w\u00fcnschen Ihnen auf unserer Golfanlage in Berlin Pankow ein sch\u00f6nes Spiel und viel Freude. Wie es geht zeigt Ihnen im folgenden Video unser Manager Paul Wagm\u00fcller. Ihr Team vom Golf Resort Berlin Pankow. Liebe Golfer, am 18.<span class=\"ellipsis\">&hellip;<\/span><\/p>\n<div class=\"read-more\"><a href=\"https:\/\/www.golf-pankow.de\/?page_id=105\">Weiterlesen &#8250;<\/a><\/div>\n<p><!-- end of .read-more --><\/p>\n","protected":false},"author":1,"featured_media":0,"parent":25,"menu_order":8,"comment_status":"closed","ping_status":"closed","template":"full-width-page.php","meta":{"footnotes":""},"class_list":["post-105","page","type-page","status-publish","hentry"],"_links":{"self":[{"href":"https:\/\/www.golf-pankow.de\/index.php?rest_route=\/wp\/v2\/pages\/105","targetHints":{"allow":["GET"]}}],"collection":[{"href":"https:\/\/www.golf-pankow.de\/index.php?rest_route=\/wp\/v2\/pages"}],"about":[{"href":"https:\/\/www.golf-pankow.de\/index.php?rest_route=\/wp\/v2\/types\/page"}],"author":[{"embeddable":true,"href":"https:\/\/www.golf-pankow.de\/index.php?rest_route=\/wp\/v2\/users\/1"}],"replies":[{"embeddable":true,"href":"https:\/\/www.golf-pankow.de\/index.php?rest_route=%2Fwp%2Fv2%2Fcomments&post=105"}],"version-history":[{"count":7,"href":"https:\/\/www.golf-pankow.de\/index.php?rest_route=\/wp\/v2\/pages\/105\/revisions"}],"predecessor-version":[{"id":1663,"href":"https:\/\/www.golf-pankow.de\/index.php?rest_route=\/wp\/v2\/pages\/105\/revisions\/1663"}],"up":[{"embeddable":true,"href":"https:\/\/www.golf-pankow.de\/index.php?rest_route=\/wp\/v2\/pages\/25"}],"wp:attachment":[{"href":"https:\/\/www.golf-pankow.de\/index.php?rest_route=%2Fwp%2Fv2%2Fmedia&parent=105"}],"curies":[{"name":"wp","href":"https:\/\/api.w.org\/{rel}","templated":true}]}}